{"id":1832,"date":"2015-02-05T16:23:43","date_gmt":"2015-02-05T14:23:43","guid":{"rendered":"http:\/\/pro-bahn-hessen.de\/?page_id=1832"},"modified":"2025-11-18T12:56:49","modified_gmt":"2025-11-18T11:56:49","slug":"spende","status":"publish","type":"page","link":"https:\/\/pro-bahn-hessen.de\/?page_id=1832","title":{"rendered":"Spende \/ Konten"},"content":{"rendered":"<p><strong>Unterst\u00fctzen Sie PRO BAHN in Hessen mit einer Spende!<\/strong><\/p>\n<p><span style=\"text-decoration: underline;\"><strong>I.) BANKVERBINDUNG &#8211; <\/strong><\/span><span style=\"text-decoration: underline;\"><strong>KONTO DES LANDESVERBANDES HESSEN<\/strong><\/span><\/p>\n<p>Der PRO BAHN Landesverband Hessen ist ein eingetragener Verein und als gemeinn\u00fctzig seitens der Finanzbeh\u00f6rde anerkannt.<\/p>\n<p><strong>Amtsgericht Frankfurt am Main, Vereinsregisternummer: VR 12195<br \/>\nFinanzamt Frankfurt am Main: 014 250 08343<\/strong><\/p>\n<p>Insofern sind wir gehalten, Interesse des Gemeinwohls handeln und setzen uns f\u00fcr die Daseinsvorsorge ein. Um dies zu gew\u00e4hrleisten, sind wir neben den Mitgliedsbeitr\u00e4gen auch auf Spenden angewiesen. Jede Spende und ist sie noch so klein, erf\u00fcllt einen sehr wichtigen Zweck. F\u00fcr die Fortentwicklung einer zukunftsf\u00e4higen und umweltgerechten Verkehrsinfrastruktur sind wir eine von sehr wenigen Vereinigungen, die sich auf diesem Gebiet engagieren.<\/p>\n<p>M\u00f6chten Sie die Arbeit im Fahrgastverband PRO BAHN den Landesverband Hessen e.V. in seiner Arbeit unterst\u00fctzen, so k\u00f6nnen Sie dies durch die \u00dcberweisung auf folgendes Konto tun:<\/p>\n<p><strong>IBAN: DE22 5009 0500 2105 9502 33<\/strong><br \/>\n<strong> BIC: GENODEF1S12<\/strong><br \/>\n<strong> Sparda-Bank Hessen<\/strong><\/p>\n<p><span style=\"text-decoration: underline;\">Kontoinhaber:<\/span> PRO BAHN Landesverband Hessen e.V.<\/p>\n<p>Sie unterst\u00fctzen die Arbeit des PRO BAHN Landesverbandes Hessen e.V. zur Wahrnehmung der vielf\u00e4ltigen Aufgaben als Verbraucherverband und Umweltverband, z.B. die Erstellung von Stellungnahmen, Studien, Veranstaltungen vor Ort, Mitgliederbetreuung usw.<\/p>\n<p><strong>VIELEN DANK F\u00dcR IHRE UNTERST\u00dcTZUNG !!<\/strong><\/p>\n<p><strong><span style=\"text-decoration: underline;\">II.<\/span>)<span style=\"text-decoration: underline;\"> KONTEN DER REGIONALVERB\u00c4NDE<\/span><\/strong><\/p>\n<p>Wir m\u00f6chten aber auch auf die Konten der Regionalverb\u00e4nde hinweisen. Sie leisten einen wesentlichen Teil der Arbeit des Fahrgastverbandes.<\/p>\n<p><strong>a) Regionenvereinigung NOM Nordhessen-Osthessen-Mittelhessen e.V.<br \/>\n(f\u00fcr die Regionalverb\u00e4nde Nordhessen, Osthessen und Mittelhessen)<\/strong><\/p>\n<p>IBAN: DE38 5309 3200 7004 3499 54<br \/>\nBIC: GENODE51ALS<br \/>\nVR VerbundBank eG<\/p>\n<p>Der Regionalverband ist ein eingetragener Verein und als gemeinn\u00fctzig anerkannt:<br \/>\nAmtsgericht Gie\u00dfen &#8211; Vereinsregisternummer: 5281<br \/>\nFinanzamt Gie\u00dfen &#8211; Steuernummer: 020 250 50230<\/p>\n<p><strong>b) Regionalverband Gro\u00dfraum Frankfurt e.V.<\/strong><\/p>\n<p>IBAN: DE65 5009 0500 0001 1130 91<br \/>\nBIC: GENODEF1S12<br \/>\nSparda-Bank Hessen<\/p>\n<p>Der Regionalverband ist ein eingetragener Verein und als gemeinn\u00fctzig anerkannt:<br \/>\nAmtsgericht Frankfurt am Main &#8211; Vereinsregisternummer: 10959<br \/>\nFinanzamt Frankfurt am Main &#8211; Steuernummer: 014 250 08351<\/p>\n<p><strong>c) Regionalverband Starkenburg e.V.<\/strong><\/p>\n<p>IBAN: DE58 5519 0000 0220 6950 19<br \/>\nBIC: MVBMDE55XXX<br \/>\nVolksbank Darmstadt Mainz<\/p>\n<p>Der Regionalverband ist ein eingetragener Verein und als gemeinn\u00fctzig anerkannt:<br \/>\nAmtsgericht Darmstadt &#8211; Vereinsregisternummer: 2417<br \/>\nFinanzamt Darmstadt &#8211; Steuernummer: 007 250 85055<\/p>\n","protected":false},"excerpt":{"rendered":"<p>Unterst\u00fctzen Sie PRO BAHN in Hessen mit einer Spende! I.) BANKVERBINDUNG &#8211; KONTO DES LANDESVERBANDES HESSEN Der PRO BAHN Landesverband Hessen ist ein eingetragener Verein und als gemeinn\u00fctzig seitens der Finanzbeh\u00f6rde anerkannt. Amtsgericht Frankfurt am Main, Vereinsregisternummer: VR 12195 Finanzamt &hellip; <a href=\"https:\/\/pro-bahn-hessen.de\/?page_id=1832\">Weiterlesen <span class=\"meta-nav\">&rarr;<\/span><\/a><\/p>\n","protected":false},"author":1,"featured_media":0,"parent":0,"menu_order":12,"comment_status":"open","ping_status":"open","template":"","meta":{"footnotes":""},"_links":{"self":[{"href":"https:\/\/pro-bahn-hessen.de\/index.php?rest_route=\/wp\/v2\/pages\/1832"}],"collection":[{"href":"https:\/\/pro-bahn-hessen.de\/index.php?rest_route=\/wp\/v2\/pages"}],"about":[{"href":"https:\/\/pro-bahn-hessen.de\/index.php?rest_route=\/wp\/v2\/types\/page"}],"author":[{"embeddable":true,"href":"https:\/\/pro-bahn-hessen.de\/index.php?rest_route=\/wp\/v2\/users\/1"}],"replies":[{"embeddable":true,"href":"https:\/\/pro-bahn-hessen.de\/index.php?rest_route=%2Fwp%2Fv2%2Fcomments&post=1832"}],"version-history":[{"count":48,"href":"https:\/\/pro-bahn-hessen.de\/index.php?rest_route=\/wp\/v2\/pages\/1832\/revisions"}],"predecessor-version":[{"id":10032,"href":"https:\/\/pro-bahn-hessen.de\/index.php?rest_route=\/wp\/v2\/pages\/1832\/revisions\/10032"}],"wp:attachment":[{"href":"https:\/\/pro-bahn-hessen.de\/index.php?rest_route=%2Fwp%2Fv2%2Fmedia&parent=1832"}],"curies":[{"name":"wp","href":"https:\/\/api.w.org\/{rel}","templated":true}]}}