{"id":1833,"date":"2015-02-05T16:23:56","date_gmt":"2015-02-05T14:23:56","guid":{"rendered":"http:\/\/pro-bahn-hessen.de\/?page_id=1833"},"modified":"2022-12-25T16:40:08","modified_gmt":"2022-12-25T15:40:08","slug":"mitglied-werden","status":"publish","type":"page","link":"https:\/\/pro-bahn-hessen.de\/?page_id=1833","title":{"rendered":"Mitglied werden"},"content":{"rendered":"<p>Hier finden Sie die Vordrucke, um bei uns Mitglied zu werden:<\/p>\n<p><a href=\"https:\/\/pro-bahn-hessen.de\/wp-content\/uploads\/2022\/12\/Beitrittserklaerung-Hessen-beschreibbar-2023-01-01.pdf\">Beitrittserkl\u00e4rung PRO BAHN Landesverband Hessen<\/a><\/p>\n<p><a href=\"https:\/\/pro-bahn-hessen.de\/wp-content\/uploads\/2022\/12\/SEPA-Lastschriftenmandat-Hessen-fuer-PDF-2023-01-01.pdf\">Einzugserm\u00e4chtigung \/ SEPA-Lastschriftmandat<\/a><\/p>\n<p><a href=\"https:\/\/pro-bahn-hessen.de\/wp-content\/uploads\/2022\/12\/Beitrittserklaerung-Hessen-Familie-2023-01-01.pdf\">Zusatzblatt Familienmitgliedschaft<\/a><\/p>\n<p>Bitte f\u00fcllen Sie die n\u00f6tigen Vordrucke aus, Sie gestalten uns die Arbeit bei dem Einzug der Mitgliedsbeitr\u00e4ge einfacher, danke.<\/p>\n<p>Sie fahren gerne mit der Bahn?<br \/>\nSie finden die gesamte Themenbreite: Eisenbahn, \u00d6PNV, Infrastruktur, Daseinsvorsorge, spannend?<br \/>\nIhnen ist wichtig, dass das Verkehrsmittel Bahn eine Zukunft hat?<\/p>\n<p>Der Fahrgastverband PRO BAHN sucht Unterst\u00fctzerinnen und Unterst\u00fctzer, sucht Menschen, welche sich zu den Themen, f\u00fcr die unser Verband steht, sowohl passiv als auch aktiv einbringen wollen.<\/p>\n<p>Mitgliedsbeitr\u00e4ge, Stand 01.01.2023:<br \/>\nEinzelmitgliedschaft: <strong>52 \u20ac<\/strong>\/Jahr<br \/>\nEinzelmitgliedschaft, erm\u00e4\u00dfigter Beitrag (bis 27 Jahre) bzw. auf Antrag: <strong>28 \u20ac<\/strong>\/Jahr<br \/>\nFamilienmitgliedschaft: <strong>58 \u20ac<\/strong>\/Jahr<br \/>\nF\u00f6rdermitgliedschaft (Kommunen, Firmen, etc.): Beitrag auf Anfrage<\/p>\n<p>Wir haben zwar den Aufbau eines Verbandes, dennoch besteht die M\u00f6glichkeit, ohne ein Mandat annehmen zu m\u00fcssen, bei Themen und Inhalten bis in die Bundesebene hinein mitzuarbeiten. Hierzu dient der gro\u00dfe Bereich der \u201eFacharbeit\u201c des Bundesverbandes. Themenbereiche sind z.B.: Fahrgastrechte, Deutschlandtakt, Tarife, Regionalisierungsmittel.<\/p>\n<p>Sobald wir vom Landesverband Hessen bzw. seitens der f\u00fcnf hessischen Regionalverb\u00e4nde Ihre Eintrittserkl\u00e4rung vorliegen haben, setzen wir uns mit Ihnen in Verbindung und informieren Sie die aktuellen Aktivit\u00e4ten und Ansprechpartner.<\/p>\n<p>Sie k\u00f6nnen die Beitrittserkl\u00e4rung auch uns im Landesverband zukommen lassen, entweder bei einer unserer Veranstaltungen, auf dem Postweg an unsere Landesverbandsadresse oder einem der Landes- oder Regionalvorstandsmitglieder. Die Anschriften stehen allesamt unter \u201eLandesvorstand\u201c in dieser Internetseite.<\/p>\n<p>Unterst\u00fctzen Sie einen Verband,<br \/>\n\u2013 welcher sich f\u00fcr die B\u00fcrgerinnen und B\u00fcrger einsetzt, die eine angemessene Erschlie\u00dfung mit \u00f6ffentlichen Verkehrsmitteln brauchen.<br \/>\n\u2013 sich in die Nahverkehraplanung bei der Fortschreibung von Lokalen und Regionalen Nahverkehrspl\u00e4nen einbringt,<br \/>\n\u2013 Vertreter\/innen in Fahrgastbeir\u00e4te entsendet,<br \/>\n\u2013 sich mit Fachleuten, Wissenschaftlern und anderen Fachverb\u00e4nden ber\u00e4t, um eine bestm\u00f6gliche Entwicklung unserer Daseinsvorsorge, unserer Verkehrsinfrastruktur herbeizuf\u00fchren,<br \/>\n\u2013 im fortw\u00e4hrenden Dialog mit Gebietsk\u00f6rperschaften, Verkehrstr\u00e4gern und Verkehrsunternehmen steht.<\/p>\n<p>Ihr Fahrgastverband PRO BAHN<br \/>\nLandesvorstand \u2013 Landesverband Hessen<\/p>\n","protected":false},"excerpt":{"rendered":"<p>Hier finden Sie die Vordrucke, um bei uns Mitglied zu werden: Beitrittserkl\u00e4rung PRO BAHN Landesverband Hessen Einzugserm\u00e4chtigung \/ SEPA-Lastschriftmandat Zusatzblatt Familienmitgliedschaft Bitte f\u00fcllen Sie die n\u00f6tigen Vordrucke aus, Sie gestalten uns die Arbeit bei dem Einzug der Mitgliedsbeitr\u00e4ge einfacher, danke. &hellip; <a href=\"https:\/\/pro-bahn-hessen.de\/?page_id=1833\">Weiterlesen <span class=\"meta-nav\">&rarr;<\/span><\/a><\/p>\n","protected":false},"author":1,"featured_media":0,"parent":0,"menu_order":11,"comment_status":"closed","ping_status":"closed","template":"","meta":{"footnotes":""},"_links":{"self":[{"href":"https:\/\/pro-bahn-hessen.de\/index.php?rest_route=\/wp\/v2\/pages\/1833"}],"collection":[{"href":"https:\/\/pro-bahn-hessen.de\/index.php?rest_route=\/wp\/v2\/pages"}],"about":[{"href":"https:\/\/pro-bahn-hessen.de\/index.php?rest_route=\/wp\/v2\/types\/page"}],"author":[{"embeddable":true,"href":"https:\/\/pro-bahn-hessen.de\/index.php?rest_route=\/wp\/v2\/users\/1"}],"replies":[{"embeddable":true,"href":"https:\/\/pro-bahn-hessen.de\/index.php?rest_route=%2Fwp%2Fv2%2Fcomments&post=1833"}],"version-history":[{"count":20,"href":"https:\/\/pro-bahn-hessen.de\/index.php?rest_route=\/wp\/v2\/pages\/1833\/revisions"}],"predecessor-version":[{"id":8719,"href":"https:\/\/pro-bahn-hessen.de\/index.php?rest_route=\/wp\/v2\/pages\/1833\/revisions\/8719"}],"wp:attachment":[{"href":"https:\/\/pro-bahn-hessen.de\/index.php?rest_route=%2Fwp%2Fv2%2Fmedia&parent=1833"}],"curies":[{"name":"wp","href":"https:\/\/api.w.org\/{rel}","templated":true}]}}