{"id":237,"date":"2013-03-04T20:17:47","date_gmt":"2013-03-04T20:17:47","guid":{"rendered":"http:\/\/www.spd21.de\/wordpress\/?page_id=2"},"modified":"2025-09-29T15:12:04","modified_gmt":"2025-09-29T13:12:04","slug":"beispiel-seite-2","status":"publish","type":"page","link":"https:\/\/pro-bahn-hessen.de\/?page_id=237","title":{"rendered":"\u00dcber uns"},"content":{"rendered":"<p><strong>Kontaktadressen des Landesverbandes Hessen<br \/>\nund der Regionalverb\u00e4nde Nordhessen, Osthessen, Mittelhessen, Gro\u00dfraum Frankfurt und Starkenburg<\/strong><\/p>\n<p>Bitte Hinweise am Ende der Seite beachten.<\/p>\n<p><strong>Vorrangiger Kontakt &#8211; Sprechzeiten- 17:00 Uhr bis 19:00 Uhr<\/strong><\/p>\n<p><strong>Kontakt Fahrgastdialog<\/strong><br \/>\nM\u00f6chten Sie \u00fcber Situationen aus dem Alltag im \u00d6PNV mit uns in Kontakt treten, dann schreiben Sie einfach eine Mail an:<br \/>\n<strong>fahrgastproblem@pro-bahn-hessen.de.<\/strong><\/p>\n<p><strong>PRO BAHN-Landesverband Hessen <\/strong><br \/>\nLandesvorsitzender: Thomas Kraft<\/p>\n<p>Anschrift\/Kontakt 1:<br \/>\nPostfach 11 14 16<br \/>\n60049 Frankfurt am Main<br \/>\nTel. +49(0)69 244372266<br \/>\nFax: +49(0)69 90019793<br \/>\nE-Mail: mail(a)pro-bahn-hessen.de<\/p>\n<p>Anschrift\/Kontakt 2:<br \/>\nBahnhofstra\u00dfe 10<br \/>\n35457 Lollar<br \/>\nTel. +49(0)6406 8373997<br \/>\nFax: +49(0)69 90019793<br \/>\nE-Mail: mail(a)pro-bahn-hessen.de<\/p>\n<p><strong>PRO BAHN Regionalverband Nordhessen<\/strong><br \/>\nRegionalvertreter: Ewald Biedenbach und Ulrich Seng<br \/>\nPostfach 41 02 34<br \/>\n34064 Kassel<br \/>\nTel. +49(0)561 51009234<br \/>\nE-Mail: nordhessen(a)pro-bahn-hessen.de<\/p>\n<p><strong>PRO BAHN Regionalverband Osthessen<\/strong><br \/>\nRegionalvertreter: Werner und Barbara Filzinger<br \/>\nBaumgartenweg 12<br \/>\n36341 Lauterbach (Hessen)<br \/>\nTel. +49(0)6641 2911<br \/>\nFax: +49(0)6641 910672<br \/>\nE-Mail: osthessen(a)pro-bahn-hessen.de<\/p>\n<p><strong>PRO BAHN Regionalverband Mittelhessen<\/strong><br \/>\nRegionalvertreter: Thomas Kraft<br \/>\nGesch\u00e4ftsanschrift<br \/>\nBahnhofstra\u00dfe 10<br \/>\n35457 Lollar<br \/>\nTel. +49(0)6406 8373997<br \/>\nFax: +49(0)6441 8708996<br \/>\nE-Mail: mittelhessen(a)pro-bahn-hessen.de<\/p>\n<p><strong>PRO BAHN Regionalverband Frankfurt\/Rhein-Main<\/strong><br \/>\nRegionalvertretung: Dr. Barbara Grassel<br \/>\nPostfach 11 14 16<br \/>\n60049 Frankfurt\/Main<br \/>\nTel. +49(0)69 244372257<br \/>\nE-Mail: frankfurt(a)pro-bahn-hessen.de<\/p>\n<p><strong>PRO BAHN Regionalverband Starkenburg<\/strong><br \/>\nRegionalvertreter: Thomas Mroczek<br \/>\nH\u00fcgelstra\u00dfe 30<br \/>\n64569 Nauheim (Kreis Gro\u00df-Gerau)<br \/>\nTel. +49(0)6152 \/ 9279265<br \/>\nE-Mail: starkenburg(a)pro-bahn-hessen.de<\/p>\n<p><strong>Vorrangiger Kontakt &#8211; Sprechzeiten- 17:00 Uhr bis 19:00 Uhr<\/strong><\/p>\n<p>Bitte beachten Sie, dass die Funktionstr\u00e4ger\/innen im Alltag auch beruflichen und anderen pers\u00f6nlichen Aufgaben nachgehen. Von daher kann es sein, dass auch mal ein Gespr\u00e4ch nicht angenommen werden kann. Sprechen Sie bitte in dem Fall auf den Anrufbeantworter. Wir rufen alsbald zur\u00fcck.<\/p>\n<p>Die h\u00f6chsten Gremien des PRO BAHN Landesverbandes Hessen sind die Landesversammlung, der Landesausschuss und der Landesvorstand. Sie sind \u00fcber nachstehenden Kontaktdaten erreichbar. Auf den Unterseiten dieser Seite werden die Gremien n\u00e4her erl\u00e4utert und die handelnden Personen genannt.<\/p>\n","protected":false},"excerpt":{"rendered":"<p>Kontaktadressen des Landesverbandes Hessen und der Regionalverb\u00e4nde Nordhessen, Osthessen, Mittelhessen, Gro\u00dfraum Frankfurt und Starkenburg Bitte Hinweise am Ende der Seite beachten. Vorrangiger Kontakt &#8211; Sprechzeiten- 17:00 Uhr bis 19:00 Uhr Kontakt Fahrgastdialog M\u00f6chten Sie \u00fcber Situationen aus dem Alltag im &hellip; <a href=\"https:\/\/pro-bahn-hessen.de\/?page_id=237\">Weiterlesen <span class=\"meta-nav\">&rarr;<\/span><\/a><\/p>\n","protected":false},"author":1,"featured_media":0,"parent":0,"menu_order":2,"comment_status":"closed","ping_status":"open","template":"","meta":{"footnotes":""},"_links":{"self":[{"href":"https:\/\/pro-bahn-hessen.de\/index.php?rest_route=\/wp\/v2\/pages\/237"}],"collection":[{"href":"https:\/\/pro-bahn-hessen.de\/index.php?rest_route=\/wp\/v2\/pages"}],"about":[{"href":"https:\/\/pro-bahn-hessen.de\/index.php?rest_route=\/wp\/v2\/types\/page"}],"author":[{"embeddable":true,"href":"https:\/\/pro-bahn-hessen.de\/index.php?rest_route=\/wp\/v2\/users\/1"}],"replies":[{"embeddable":true,"href":"https:\/\/pro-bahn-hessen.de\/index.php?rest_route=%2Fwp%2Fv2%2Fcomments&post=237"}],"version-history":[{"count":92,"href":"https:\/\/pro-bahn-hessen.de\/index.php?rest_route=\/wp\/v2\/pages\/237\/revisions"}],"predecessor-version":[{"id":9979,"href":"https:\/\/pro-bahn-hessen.de\/index.php?rest_route=\/wp\/v2\/pages\/237\/revisions\/9979"}],"wp:attachment":[{"href":"https:\/\/pro-bahn-hessen.de\/index.php?rest_route=%2Fwp%2Fv2%2Fmedia&parent=237"}],"curies":[{"name":"wp","href":"https:\/\/api.w.org\/{rel}","templated":true}]}}