{"id":36,"date":"2013-03-09T22:01:57","date_gmt":"2013-03-09T20:01:57","guid":{"rendered":"http:\/\/www.spd21.de\/wordpress\/?page_id=36"},"modified":"2025-11-14T08:46:28","modified_gmt":"2025-11-14T07:46:28","slug":"termine","status":"publish","type":"page","link":"https:\/\/pro-bahn-hessen.de\/?page_id=36","title":{"rendered":"Termine"},"content":{"rendered":"<p><strong>A) DIGITAL AKTUALISIERTE TERMINLISTE DES PRO BAHN LANDESVERBANDES HESSEN UND SEINER REGIONALGLIEDERUNGEN<\/strong><\/p>\n<p><a href=\"https:\/\/pro-bahn-hessen.de\/wp-content\/uploads\/2024\/03\/Kalender-digital-Logo-fuer-Homepage-zugeschnitten.jpg\"><img loading=\"lazy\" decoding=\"async\" class=\"aligncenter size-medium wp-image-9336\" src=\"https:\/\/pro-bahn-hessen.de\/wp-content\/uploads\/2024\/03\/Kalender-digital-Logo-fuer-Homepage-zugeschnitten-300x149.jpg\" alt=\"\" width=\"300\" height=\"149\" srcset=\"https:\/\/pro-bahn-hessen.de\/wp-content\/uploads\/2024\/03\/Kalender-digital-Logo-fuer-Homepage-zugeschnitten-300x149.jpg 300w, https:\/\/pro-bahn-hessen.de\/wp-content\/uploads\/2024\/03\/Kalender-digital-Logo-fuer-Homepage-zugeschnitten-768x382.jpg 768w, https:\/\/pro-bahn-hessen.de\/wp-content\/uploads\/2024\/03\/Kalender-digital-Logo-fuer-Homepage-zugeschnitten.jpg 927w\" sizes=\"(max-width: 300px) 100vw, 300px\" \/><\/a><br \/>\n<a href=\"https:\/\/kalender.digital\/e077647c98ec7e247f24\">Aktuelle Termine \/ PRO BAHN Hessen Kalender<\/a><\/p>\n<p><strong>B) HESSISCHES PRO BAHN FORUM &#8211; VORTR\u00c4GE &#8211; DISKUSSION THEMENREIHE<\/strong><\/p>\n<p><a href=\"https:\/\/pro-bahn-hessen.de\/wp-content\/uploads\/2024\/03\/Termine-Hessisches-PB-Forum-mit-blauem-Umfeld-zugeschnitten.jpg\"><img loading=\"lazy\" decoding=\"async\" class=\"aligncenter size-medium wp-image-9329\" src=\"https:\/\/pro-bahn-hessen.de\/wp-content\/uploads\/2024\/03\/Termine-Hessisches-PB-Forum-mit-blauem-Umfeld-zugeschnitten-300x195.jpg\" alt=\"\" width=\"300\" height=\"195\" srcset=\"https:\/\/pro-bahn-hessen.de\/wp-content\/uploads\/2024\/03\/Termine-Hessisches-PB-Forum-mit-blauem-Umfeld-zugeschnitten-300x195.jpg 300w, https:\/\/pro-bahn-hessen.de\/wp-content\/uploads\/2024\/03\/Termine-Hessisches-PB-Forum-mit-blauem-Umfeld-zugeschnitten.jpg 467w\" sizes=\"(max-width: 300px) 100vw, 300px\" \/><\/a><br \/>\n<a href=\"https:\/\/pro-bahn-hessen.de\/?page_id=9325\">Hessisches PRO BAHN Forum &#8211; Infos hier<\/a><\/p>\n<p><strong>C) KALENDER ZUM DOWNLOAD MIT REGIONALEN PRO BAHN TERMINEN ALS VORRANG<\/strong><\/p>\n<p><a href=\"https:\/\/pro-bahn-hessen.de\/wp-content\/uploads\/2024\/03\/Termine-PB-Regionenuebersicht-Logo-Bild-fuer-Homepage-zugeschnitten.jpg\"><img loading=\"lazy\" decoding=\"async\" class=\"alignleft size-medium wp-image-9339\" src=\"https:\/\/pro-bahn-hessen.de\/wp-content\/uploads\/2024\/03\/Termine-PB-Regionenuebersicht-Logo-Bild-fuer-Homepage-zugeschnitten-300x189.jpg\" alt=\"\" width=\"300\" height=\"189\" srcset=\"https:\/\/pro-bahn-hessen.de\/wp-content\/uploads\/2024\/03\/Termine-PB-Regionenuebersicht-Logo-Bild-fuer-Homepage-zugeschnitten-300x189.jpg 300w, https:\/\/pro-bahn-hessen.de\/wp-content\/uploads\/2024\/03\/Termine-PB-Regionenuebersicht-Logo-Bild-fuer-Homepage-zugeschnitten-1024x647.jpg 1024w, https:\/\/pro-bahn-hessen.de\/wp-content\/uploads\/2024\/03\/Termine-PB-Regionenuebersicht-Logo-Bild-fuer-Homepage-zugeschnitten-768x485.jpg 768w, https:\/\/pro-bahn-hessen.de\/wp-content\/uploads\/2024\/03\/Termine-PB-Regionenuebersicht-Logo-Bild-fuer-Homepage-zugeschnitten.jpg 1240w\" sizes=\"(max-width: 300px) 100vw, 300px\" \/><\/a><\/p>\n<p>&nbsp;<\/p>\n<p><strong><a href=\"https:\/\/pro-bahn-hessen.de\/wp-content\/uploads\/2025\/11\/Terminplanung-2025-Stand-2025-11-14-Regionenuebersicht.pdf\">Terminplanung 2025 &#8211; PRO BAHN Hessen mit Regionen &#8211; 2025-2026 &#8211; Stand: 14.11.2025<\/a><\/strong><\/p>\n<p>&#8212;&#8212;&#8212;&#8212;&#8212;&#8212;&#8212;&#8212;&#8212;&#8212;&#8212;&#8212;&#8212;&#8212;&#8212;&#8212;&#8212;&#8212;&#8212;&#8212;&#8212;&#8212;&#8212;&#8212;&#8212;&#8212;&#8212;&#8212;&#8212;&#8212;&#8212;&#8212;&#8212;&#8212;&#8212;<\/p>\n<p>Liebe Leserinnen und Leser,<\/p>\n<p>wir bieten zwei \u00f6ffentlich sichtbare M\u00f6glichkeiten der Termininformation \u00fcber den Fahrgastverband PRO BAHN in Hessen. Der digitale Kalender wird fortw\u00e4hrend aktualisiert, der Kalender als PDF zum Ausdrucken mit den regionalen Terminen wird mehrmals j\u00e4hrlich aktualisiert und in der neuesten Version hochgeladen. F\u00fcr Mitglieder besteht die M\u00f6glichkeit, auf Anforderung eine umfassendere Liste zu erhalten, welche \u00fcber den Kalender mit den vorrangig regionalen Terminen hinausgeht.<\/p>\n","protected":false},"excerpt":{"rendered":"<p>A) DIGITAL AKTUALISIERTE TERMINLISTE DES PRO BAHN LANDESVERBANDES HESSEN UND SEINER REGIONALGLIEDERUNGEN Aktuelle Termine \/ PRO BAHN Hessen Kalender B) HESSISCHES PRO BAHN FORUM &#8211; VORTR\u00c4GE &#8211; DISKUSSION THEMENREIHE Hessisches PRO BAHN Forum &#8211; Infos hier C) KALENDER ZUM DOWNLOAD &hellip; <a href=\"https:\/\/pro-bahn-hessen.de\/?page_id=36\">Weiterlesen <span class=\"meta-nav\">&rarr;<\/span><\/a><\/p>\n","protected":false},"author":1,"featured_media":0,"parent":0,"menu_order":14,"comment_status":"closed","ping_status":"open","template":"","meta":{"footnotes":""},"_links":{"self":[{"href":"https:\/\/pro-bahn-hessen.de\/index.php?rest_route=\/wp\/v2\/pages\/36"}],"collection":[{"href":"https:\/\/pro-bahn-hessen.de\/index.php?rest_route=\/wp\/v2\/pages"}],"about":[{"href":"https:\/\/pro-bahn-hessen.de\/index.php?rest_route=\/wp\/v2\/types\/page"}],"author":[{"embeddable":true,"href":"https:\/\/pro-bahn-hessen.de\/index.php?rest_route=\/wp\/v2\/users\/1"}],"replies":[{"embeddable":true,"href":"https:\/\/pro-bahn-hessen.de\/index.php?rest_route=%2Fwp%2Fv2%2Fcomments&post=36"}],"version-history":[{"count":240,"href":"https:\/\/pro-bahn-hessen.de\/index.php?rest_route=\/wp\/v2\/pages\/36\/revisions"}],"predecessor-version":[{"id":10031,"href":"https:\/\/pro-bahn-hessen.de\/index.php?rest_route=\/wp\/v2\/pages\/36\/revisions\/10031"}],"wp:attachment":[{"href":"https:\/\/pro-bahn-hessen.de\/index.php?rest_route=%2Fwp%2Fv2%2Fmedia&parent=36"}],"curies":[{"name":"wp","href":"https:\/\/api.w.org\/{rel}","templated":true}]}}