{"id":4053,"date":"2017-02-17T04:45:26","date_gmt":"2017-02-17T02:45:26","guid":{"rendered":"http:\/\/pro-bahn-hessen.de\/?page_id=4053"},"modified":"2023-12-31T17:50:59","modified_gmt":"2023-12-31T16:50:59","slug":"strecken-neubauausbau","status":"publish","type":"page","link":"https:\/\/pro-bahn-hessen.de\/?page_id=4053","title":{"rendered":"Zukunft Bahn"},"content":{"rendered":"<p>Die weiteren Jahrzehnte des 21. Jahrhunderts sind mit zahlreichen Investitionen in Schiene vorgesehen, wovon das Bundesland Hessen ma\u00dfgeblich betroffen ist. Dies betrifft nicht nur den Fernverkehr, sondern auch den Regional- bzw. Schienenpersonennahverkehr (SPNV) bis in st\u00e4dtische Netze hinein und den G\u00fcterverkehr. Im Anbetracht der gesamtpolitischen Lage schwanken die Aussichten, wann und wie es zu der Realisierung dieser dringend notwendigen Schienenprojekte kommt, immer wieder hin und her. Daher m\u00f6chten wir keine zu gro\u00dfen Mutma\u00dfungen anstellen. Uns ist es jedoch wichtig, gerade als PRO BAHN Landesverband Hessen auf unserer Internetseite hierauf n\u00e4her einzugehen und auch weitere Fundstellen zu nennen. Das Gesamtkonzept Rhein\/Main plus sieht noch weitere Projekte im SPNV vor, welche jedoch noch sehr in den Anf\u00e4ngen stecken, noch nicht konkretisiert sind. Alles das, wozu man aktuell etwas mitteilen kann ist, gegliedert nach Unterseiten, hier zu finden:<\/p>\n<p><a href=\"https:\/\/pro-bahn-hessen.de\/?page_id=5068\" rel=\"noopener\" target=\"_blank\">1.) Rhein-Main plus &#8211; Alle Projekte unter einem Namen<\/a><\/p>\n<p><a href=\"https:\/\/pro-bahn-hessen.de\/?page_id=4063\" rel=\"noopener\" target=\"_blank\">2. Ausbau\/Neubau Hanau-Gelnhausen-Fulda<\/a><\/p>\n<p><a href=\"https:\/\/pro-bahn-hessen.de\/?page_id=9213\" rel=\"noopener\" target=\"_blank\">3.) Neubau\/Ausbau Hanau-Aschaffenburg-Nantenbach<\/a><\/p>\n<p><a href=\"https:\/\/pro-bahn-hessen.de\/?page_id=4061\" rel=\"noopener\" target=\"_blank\">4.) Neubau Rhein\/Main-Rhein\/Neckar (Frankfurt a.M. &#8211; Mannheim)<\/a><\/p>\n<p><a href=\"https:\/\/pro-bahn-hessen.de\/?page_id=6079\" rel=\"noopener\" target=\"_blank\">5.) Fernbahntunnel und Bahnknoten Frankfurt am Main<\/a><\/p>\n<p><a href=\"https:\/\/pro-bahn-hessen.de\/?page_id=4075\" rel=\"noopener\" target=\"_blank\">6.) Neubau\/Ausbau Fernzugstrecke Fulda-Gerstungen<\/a><\/p>\n<p><a href=\"https:\/\/pro-bahn-hessen.de\/?page_id=4067\" rel=\"noopener\" target=\"_blank\">7.) viergleisiger Ausbau der Main-Weser-Bahn (S6-Ausbau)<\/a><\/p>\n<p><a href=\"https:\/\/pro-bahn-hessen.de\/?page_id=4073\" rel=\"noopener\" target=\"_blank\">8.) Neubau\/Ausbau Nordmainische S-Bahn Frankfurt a.M.-Hanau<\/a><\/p>\n<p><a href=\"https:\/\/pro-bahn-hessen.de\/?page_id=4071\" rel=\"noopener\" target=\"_blank\">9.) Neubau Regionaltangente West &#8211; rund um Frankfurt a.M.<\/a><\/p>\n<p><a href=\"https:\/\/pro-bahn-hessen.de\/?page_id=4121\" rel=\"noopener\" target=\"_blank\">10.) Ausbau S-Bahn Friedrichsdorf-Usingen, d.h. S5 und Taunusbahn<\/a><\/p>\n<p><a href=\"https:\/\/pro-bahn-hessen.de\/?page_id=6083\" rel=\"noopener\" target=\"_blank\">11.) Reaktivierung von Bahnstrecken in Hessen<\/a><\/p>\n<p><a href=\"https:\/\/pro-bahn-hessen.de\/?page_id=5901\" rel=\"noopener\" target=\"_blank\">12.) Neubau Kurve Kassel (G\u00fcterverkehr)<\/a><\/p>\n<p><a href=\"https:\/\/pro-bahn-hessen.de\/?page_id=4114\" rel=\"noopener\" target=\"_blank\">13.) Ausbau S-Bahn Rhein\/Neckar<\/a><\/p>\n<p><a href=\"https:\/\/pro-bahn-hessen.de\/?page_id=4168\" rel=\"noopener\" target=\"_blank\">14.) Links Neu- und Ausbauprojekte<\/a><\/p>\n","protected":false},"excerpt":{"rendered":"<p>Die weiteren Jahrzehnte des 21. Jahrhunderts sind mit zahlreichen Investitionen in Schiene vorgesehen, wovon das Bundesland Hessen ma\u00dfgeblich betroffen ist. Dies betrifft nicht nur den Fernverkehr, sondern auch den Regional- bzw. Schienenpersonennahverkehr (SPNV) bis in st\u00e4dtische Netze hinein und den &hellip; <a href=\"https:\/\/pro-bahn-hessen.de\/?page_id=4053\">Weiterlesen <span class=\"meta-nav\">&rarr;<\/span><\/a><\/p>\n","protected":false},"author":1,"featured_media":0,"parent":0,"menu_order":15,"comment_status":"open","ping_status":"open","template":"","meta":{"footnotes":""},"_links":{"self":[{"href":"https:\/\/pro-bahn-hessen.de\/index.php?rest_route=\/wp\/v2\/pages\/4053"}],"collection":[{"href":"https:\/\/pro-bahn-hessen.de\/index.php?rest_route=\/wp\/v2\/pages"}],"about":[{"href":"https:\/\/pro-bahn-hessen.de\/index.php?rest_route=\/wp\/v2\/types\/page"}],"author":[{"embeddable":true,"href":"https:\/\/pro-bahn-hessen.de\/index.php?rest_route=\/wp\/v2\/users\/1"}],"replies":[{"embeddable":true,"href":"https:\/\/pro-bahn-hessen.de\/index.php?rest_route=%2Fwp%2Fv2%2Fcomments&post=4053"}],"version-history":[{"count":6,"href":"https:\/\/pro-bahn-hessen.de\/index.php?rest_route=\/wp\/v2\/pages\/4053\/revisions"}],"predecessor-version":[{"id":9227,"href":"https:\/\/pro-bahn-hessen.de\/index.php?rest_route=\/wp\/v2\/pages\/4053\/revisions\/9227"}],"wp:attachment":[{"href":"https:\/\/pro-bahn-hessen.de\/index.php?rest_route=%2Fwp%2Fv2%2Fmedia&parent=4053"}],"curies":[{"name":"wp","href":"https:\/\/api.w.org\/{rel}","templated":true}]}}