{"id":4061,"date":"2017-02-17T05:02:50","date_gmt":"2017-02-17T03:02:50","guid":{"rendered":"http:\/\/pro-bahn-hessen.de\/?page_id=4061"},"modified":"2023-12-31T17:00:28","modified_gmt":"2023-12-31T16:00:28","slug":"neubau-rheinmain-rhein-neckar","status":"publish","type":"page","link":"https:\/\/pro-bahn-hessen.de\/?page_id=4061","title":{"rendered":"Neubau Rhein\/Main-Rhein-Neckar"},"content":{"rendered":"<p>Dieses Gro\u00dfprojekt im Fernzugnetz der Deutschen Bahn ist ewige Zeit auf der Stelle getreten. Nun geht es voran und seit Dezember 2016 gibt es ein Beteiligungsforum, in welchem die betroffenen Bundesl\u00e4nder, Fachverb\u00e4nde, politische Vertreter und B\u00fcrgerinitiativen vertreten sind.<\/p>\n<p>Die Internetseite des Neubauprojekts ist: <a title=\"www.rhein-main-rhein-neckar.de\" href=\"https:\/\/www.rhein-main-rhein-neckar.de\/\" target=\"_blank\" rel=\"noopener\"><br \/>\nwww.rhein-main-rhein-neckar.de<\/a><\/p>\n<p><strong>Fachreferent im Beteiligungsforum f\u00fcr den PRO BAHN Landesverband Hessen<\/strong><\/p>\n<p><strong>Bernd Rohrmann <\/strong><br \/>\nMail: rheinmain-rheinneckar@pro-bahn-hessen.de<br \/>\nTel. +49(0)6151 \/ 76942<br \/>\nTheodor-Reh-Stra\u00dfe 33<br \/>\n64289 Darmstadt<\/p>\n<p><strong>\u00fcberverbandliche Arbeitsgemeinschaft &#8222;Neubaustrecke Rhein\/Main-Rhein\/Neckar<\/strong><\/p>\n<p>Da das Projekt europaweite Bedeutung im Personen- und G\u00fcterverkehr hat, deshalb hat man eine \u00fcberverbandliche Arbeitsgemeinschaft eingerichtet, die von folgenden Mitgliedern geleitet wird. Hierzu wendet man sich seitens des Fahrgastverbandes PRO BAHN ebenfalls an den Fachreferenten Bernd Rohrmann.<\/p>\n<p>&#8212;&#8212;&#8212;&#8212;&#8212;&#8212;&#8212;&#8212;&#8212;&#8212;&#8212;&#8212;&#8212;-<br \/>\nHinweis bei den Internetseiten\/Links zum Haftungsausschluss:<br \/>\nMit Urteil vom 12. Mai 1998 hat das Landgericht Hamburg entschieden, dass man durch die Ausbringung eines Links die Inhalte der gelinkten Seite ggf. mit zu verantworten hat. Dies kann \u2013 so das LG \u2013 nur dadurch verhindert werden, dass man sich ausdr\u00fccklich von diesen Inhalten distanziert. F\u00fcr all diese externen Links gilt, dass wir keinerlei Einfluss auf die Gestaltung und die Inhalte der gelinkten Seiten haben. Deshalb distanzieren wir uns hiermit ausdr\u00fccklich von allen Inhalten aller von hier aus gelinkten Internetseiten.<\/p>\n","protected":false},"excerpt":{"rendered":"<p>Dieses Gro\u00dfprojekt im Fernzugnetz der Deutschen Bahn ist ewige Zeit auf der Stelle getreten. Nun geht es voran und seit Dezember 2016 gibt es ein Beteiligungsforum, in welchem die betroffenen Bundesl\u00e4nder, Fachverb\u00e4nde, politische Vertreter und B\u00fcrgerinitiativen vertreten sind. Die Internetseite &hellip; <a href=\"https:\/\/pro-bahn-hessen.de\/?page_id=4061\">Weiterlesen <span class=\"meta-nav\">&rarr;<\/span><\/a><\/p>\n","protected":false},"author":1,"featured_media":0,"parent":4053,"menu_order":4,"comment_status":"open","ping_status":"open","template":"","meta":{"footnotes":""},"_links":{"self":[{"href":"https:\/\/pro-bahn-hessen.de\/index.php?rest_route=\/wp\/v2\/pages\/4061"}],"collection":[{"href":"https:\/\/pro-bahn-hessen.de\/index.php?rest_route=\/wp\/v2\/pages"}],"about":[{"href":"https:\/\/pro-bahn-hessen.de\/index.php?rest_route=\/wp\/v2\/types\/page"}],"author":[{"embeddable":true,"href":"https:\/\/pro-bahn-hessen.de\/index.php?rest_route=\/wp\/v2\/users\/1"}],"replies":[{"embeddable":true,"href":"https:\/\/pro-bahn-hessen.de\/index.php?rest_route=%2Fwp%2Fv2%2Fcomments&post=4061"}],"version-history":[{"count":12,"href":"https:\/\/pro-bahn-hessen.de\/index.php?rest_route=\/wp\/v2\/pages\/4061\/revisions"}],"predecessor-version":[{"id":7982,"href":"https:\/\/pro-bahn-hessen.de\/index.php?rest_route=\/wp\/v2\/pages\/4061\/revisions\/7982"}],"up":[{"embeddable":true,"href":"https:\/\/pro-bahn-hessen.de\/index.php?rest_route=\/wp\/v2\/pages\/4053"}],"wp:attachment":[{"href":"https:\/\/pro-bahn-hessen.de\/index.php?rest_route=%2Fwp%2Fv2%2Fmedia&parent=4061"}],"curies":[{"name":"wp","href":"https:\/\/api.w.org\/{rel}","templated":true}]}}