{"id":4063,"date":"2017-02-17T05:03:39","date_gmt":"2017-02-17T03:03:39","guid":{"rendered":"http:\/\/pro-bahn-hessen.de\/?page_id=4063"},"modified":"2023-12-31T16:58:37","modified_gmt":"2023-12-31T15:58:37","slug":"neubauausbau-hanau-wurzburgfulda","status":"publish","type":"page","link":"https:\/\/pro-bahn-hessen.de\/?page_id=4063","title":{"rendered":"Neubau\/Ausbau Hanau-Genhausen-Fulda"},"content":{"rendered":"<p>Der Fahrgastverband PRO BAHN ist seitens des Landesverbandes Hessen an dem Dialogforum f\u00fcr den Neubau bzw. den Ausbau der Verbindung zwischen Hanau, Gelnhausen und Fulda beteiligt. Urspr\u00fcnglich war der Ausbau\/Neubau Hanau-Gelnhausen-Fulda in einem gemeinsamen Projekt Hanau-W\u00fcrzburg-Fulda vorgesehen. Kernpunkt dieser Idee, die sog. &#8222;Mottgers-Spange&#8220; quer durch den Spessart, welche auch wir seinerseit abgelehnt haben. Ende der 2010er Jahre wurde die Mottgers-Spange endg\u00fcltig verworfen und auf der Achse zwischen Frankfurt a.M. und W\u00fcrzburg das eigenst\u00e4ndige Projekt Hanau-Aschaffenburg-Nantenbach entwickelt. In dem Schienenfernverkehrsdreieck liegt eine der Kernzellen des deutschen Eisenbahnnetzes. Das Dialogforum ist dem eigentlichen Planungsbeginn vorgeschaltet und schon sehr weit vorangeschritten. Die Vorzugstrasse f\u00fcr die DB wurde bereits bestimmt.<\/p>\n<p>Es gibt eine Internetseite, welche weitreichende Informationen des Dialogforums beinhaltet:<\/p>\n<p><a href=\"http:\/\/www.hanau-fulda.de\/\" rel=\"noopener\" target=\"_blank\">hanau-fulda.de<\/a><\/p>\n<p>Ansprechpartner des Fahrgastverbandes PRO BAHN zum Thema ist (gleichzeitig unser Vertreter im Beteiligungsforum):<\/p>\n<p>Werner Filzinger<br \/>\nMail: hanau-fulda(a)pro-bahn-hessen.de<br \/>\nTel.: +49(0)6641 \/ 2911<br \/>\nFax: +49(0)6641 \/ 910672<br \/>\nBaumgartenweg 12<br \/>\n36341 Lauterbach (Hessen)<br \/>\n&#8212;&#8212;&#8212;&#8212;&#8212;&#8212;&#8212;&#8212;&#8212;-<br \/>\nHinweis bei den Internetseiten\/Links zum Haftungsausschluss:<br \/>\nMit Urteil vom 12. Mai 1998 hat das Landgericht Hamburg entschieden, dass man durch die Ausbringung eines Links die Inhalte der gelinkten Seite ggf. mit zu verantworten hat. Dies kann \u2013 so das LG \u2013 nur dadurch verhindert werden, dass man sich ausdr\u00fccklich von diesen Inhalten distanziert. F\u00fcr all diese externen Links gilt, dass wir keinerlei Einfluss auf die Gestaltung und die Inhalte der gelinkten Seiten haben. Deshalb distanzieren wir uns hiermit ausdr\u00fccklich von allen Inhalten aller von hier aus gelinkten Internetseiten.<\/p>\n","protected":false},"excerpt":{"rendered":"<p>Der Fahrgastverband PRO BAHN ist seitens des Landesverbandes Hessen an dem Dialogforum f\u00fcr den Neubau bzw. den Ausbau der Verbindung zwischen Hanau, Gelnhausen und Fulda beteiligt. Urspr\u00fcnglich war der Ausbau\/Neubau Hanau-Gelnhausen-Fulda in einem gemeinsamen Projekt Hanau-W\u00fcrzburg-Fulda vorgesehen. Kernpunkt dieser Idee, &hellip; <a href=\"https:\/\/pro-bahn-hessen.de\/?page_id=4063\">Weiterlesen <span class=\"meta-nav\">&rarr;<\/span><\/a><\/p>\n","protected":false},"author":1,"featured_media":0,"parent":4053,"menu_order":2,"comment_status":"open","ping_status":"open","template":"","meta":{"footnotes":""},"_links":{"self":[{"href":"https:\/\/pro-bahn-hessen.de\/index.php?rest_route=\/wp\/v2\/pages\/4063"}],"collection":[{"href":"https:\/\/pro-bahn-hessen.de\/index.php?rest_route=\/wp\/v2\/pages"}],"about":[{"href":"https:\/\/pro-bahn-hessen.de\/index.php?rest_route=\/wp\/v2\/types\/page"}],"author":[{"embeddable":true,"href":"https:\/\/pro-bahn-hessen.de\/index.php?rest_route=\/wp\/v2\/users\/1"}],"replies":[{"embeddable":true,"href":"https:\/\/pro-bahn-hessen.de\/index.php?rest_route=%2Fwp%2Fv2%2Fcomments&post=4063"}],"version-history":[{"count":13,"href":"https:\/\/pro-bahn-hessen.de\/index.php?rest_route=\/wp\/v2\/pages\/4063\/revisions"}],"predecessor-version":[{"id":9218,"href":"https:\/\/pro-bahn-hessen.de\/index.php?rest_route=\/wp\/v2\/pages\/4063\/revisions\/9218"}],"up":[{"embeddable":true,"href":"https:\/\/pro-bahn-hessen.de\/index.php?rest_route=\/wp\/v2\/pages\/4053"}],"wp:attachment":[{"href":"https:\/\/pro-bahn-hessen.de\/index.php?rest_route=%2Fwp%2Fv2%2Fmedia&parent=4063"}],"curies":[{"name":"wp","href":"https:\/\/api.w.org\/{rel}","templated":true}]}}