{"id":4071,"date":"2017-02-17T05:08:58","date_gmt":"2017-02-17T03:08:58","guid":{"rendered":"http:\/\/pro-bahn-hessen.de\/?page_id=4071"},"modified":"2019-01-04T03:23:25","modified_gmt":"2019-01-04T01:23:25","slug":"regionaltangente-west","status":"publish","type":"page","link":"https:\/\/pro-bahn-hessen.de\/?page_id=4071","title":{"rendered":"Neubau Regionaltangente West (RTW)"},"content":{"rendered":"<p>Das Problem des schienengebundenen Nahverkehrs in der Metrople Frankfurt am Main ist, dass alle Verkehre auf den Hauptbahnhof zulaufen. Es gibt keinerlei Ringverkehr, welchen man um das eigentliche Zentrum herumf\u00fchrt, um dieses zu entlasten, so wie dies z.B. in St\u00e4dten wie Berlin erfolgt. Am westlichen Rand der Mainmetropole wurde vor einigen Jahren die Idee geboren, mit einem schienengebundenen System des Mischverkehrs eine Umfahrung zu schaffen. So soll teils auf Neubautrassen, teils aber auf Bestand des Regionalnetzes der Deutschen Bahn, des S-Bahn-Netzes aber auch des Stra\u00dfenbahnnetzes gefahren werden. Die Regionaltangente West (kurz RTW) w\u00e4re (ist) also ein neues Verkehrsmittel unter den \u00d6PNV-Angeboten im Rhein-Main-Gebiet.<\/p>\n<p>F\u00fcr die Realisierung wurde seitens des Landes Hessen, der Planungsregion Regionalverband Frankfurt sowie der Landkreise und Kommunen eine Planungsgesellschaft gegr\u00fcndet.<\/p>\n<p>Internetseite der Planungsgesellschaft<br \/>\n<strong><a title=\"www.rtw-hessen.de\" href=\"http:\/\/www.rtw-hessen.de\" target=\"_blank\">www.rtw-hessen.de<\/a><\/strong><\/p>\n<p><strong>Ansprechpartner des Fahrgastverbandes PRO BAHN zur RTW<\/strong><\/p>\n<p><strong>Wilfried Staub<\/strong><br \/>\nMail: wilfried.staub(a)pro-bahn-hessen.de<br \/>\nTel.: +49(0)6196 \/ 26684<br \/>\nSulzbacher Stra\u00dfe 16<br \/>\n65812 Bad Soden am Taunus<\/p>\n<p>Die RTW soll k\u00fcnftig in etwa folgenden Verlauf nehmen:<br \/>\nBad Homburg-Oberursel \/ bzw. Frankfurt-Praunhein &#8211; Eschborn-Frankfurt(Main) H\u00f6chst-Flughafen Rhein\/Main-Airport-Neu Isenburg.<\/p>\n<p>&#8212;&#8212;&#8212;&#8212;&#8212;&#8212;&#8212;&#8212;&#8212;&#8212;&#8212;&#8212;&#8212;-<br \/>\nHinweis bei den Internetseiten\/Links zum Haftungsausschluss:<br \/>\nMit Urteil vom 12. Mai 1998 hat das Landgericht Hamburg entschieden, dass man durch die Ausbringung eines Links die Inhalte der gelinkten Seite ggf. mit zu verantworten hat. Dies kann \u2013 so das LG \u2013 nur dadurch verhindert werden, dass man sich ausdr\u00fccklich von diesen Inhalten distanziert. F\u00fcr all diese externen Links gilt, dass wir keinerlei Einfluss auf die Gestaltung und die Inhalte der gelinkten Seiten haben. Deshalb distanzieren wir uns hiermit ausdr\u00fccklich von allen Inhalten aller von hier aus gelinkten Internetseiten.<\/p>\n","protected":false},"excerpt":{"rendered":"<p>Das Problem des schienengebundenen Nahverkehrs in der Metrople Frankfurt am Main ist, dass alle Verkehre auf den Hauptbahnhof zulaufen. Es gibt keinerlei Ringverkehr, welchen man um das eigentliche Zentrum herumf\u00fchrt, um dieses zu entlasten, so wie dies z.B. in St\u00e4dten &hellip; <a href=\"https:\/\/pro-bahn-hessen.de\/?page_id=4071\">Weiterlesen <span class=\"meta-nav\">&rarr;<\/span><\/a><\/p>\n","protected":false},"author":1,"featured_media":0,"parent":4053,"menu_order":9,"comment_status":"open","ping_status":"open","template":"","meta":{"footnotes":""},"_links":{"self":[{"href":"https:\/\/pro-bahn-hessen.de\/index.php?rest_route=\/wp\/v2\/pages\/4071"}],"collection":[{"href":"https:\/\/pro-bahn-hessen.de\/index.php?rest_route=\/wp\/v2\/pages"}],"about":[{"href":"https:\/\/pro-bahn-hessen.de\/index.php?rest_route=\/wp\/v2\/types\/page"}],"author":[{"embeddable":true,"href":"https:\/\/pro-bahn-hessen.de\/index.php?rest_route=\/wp\/v2\/users\/1"}],"replies":[{"embeddable":true,"href":"https:\/\/pro-bahn-hessen.de\/index.php?rest_route=%2Fwp%2Fv2%2Fcomments&post=4071"}],"version-history":[{"count":7,"href":"https:\/\/pro-bahn-hessen.de\/index.php?rest_route=\/wp\/v2\/pages\/4071\/revisions"}],"predecessor-version":[{"id":5077,"href":"https:\/\/pro-bahn-hessen.de\/index.php?rest_route=\/wp\/v2\/pages\/4071\/revisions\/5077"}],"up":[{"embeddable":true,"href":"https:\/\/pro-bahn-hessen.de\/index.php?rest_route=\/wp\/v2\/pages\/4053"}],"wp:attachment":[{"href":"https:\/\/pro-bahn-hessen.de\/index.php?rest_route=%2Fwp%2Fv2%2Fmedia&parent=4071"}],"curies":[{"name":"wp","href":"https:\/\/api.w.org\/{rel}","templated":true}]}}