{"id":4073,"date":"2017-02-17T05:11:00","date_gmt":"2017-02-17T03:11:00","guid":{"rendered":"http:\/\/pro-bahn-hessen.de\/?page_id=4073"},"modified":"2023-12-31T17:08:04","modified_gmt":"2023-12-31T16:08:04","slug":"nordmainische-s-bahn","status":"publish","type":"page","link":"https:\/\/pro-bahn-hessen.de\/?page_id=4073","title":{"rendered":"Ausbau\/Neubau Nordmainische S-Bahn"},"content":{"rendered":"<p>Seit den 1980er Jahren wird dar\u00fcber diskutiert, dass das S-Bahn-Netz im Osten von Frankfurt \u00fcber die Metropole hinaus ausgedehnt werden soll. S\u00fcdlich des Mains mit der Stadt und dem Landkreis Offenbach sowie dem Zielpunkt Hanau erfolgte dieser Ausbau bereits von 1995 bis 2003. N\u00f6rdlich des Mains ist weiterhin auf zwei Gleisen der Mischbetrieb zwischen klassischem Regionalzugverkehr und anteiligem Fernzugverkehr Realit\u00e4t. Zwischen Frankfurt und Hanau liegt n\u00f6rdlich des Mains die Stadt Maintal mit doch immerhin etwas \u00fcber 38.000 Einwohnern. Daher wird seit Jahren versucht, die Planung f\u00fcr zwei weitere Gleise f\u00fcr einen k\u00fcnftigen S-Bahn-Betrieb vorangetrieben. Durchschlagenden Erfolg gab es bislang weiter nicht.<\/p>\n<p>Die <strong>Internetseite<\/strong> der Deutschen Bahn zur nordmainischen S-Bahn: <a title=\"www.nordmainische-s-bahn.de\" href=\"https:\/\/www.nordmainische-s-bahn.de\/\" target=\"_blank\" rel=\"noopener\"><br \/>\n<strong>www.nordmainische-s-bahn.de<\/strong><\/a><\/p>\n<p><strong>Kontakt seitens PRO BAHN Landesverbandes Hessen<\/strong><\/p>\n<p><strong>nordmainische-sbahn@pro-bahn-hessen.de<\/strong><\/p>\n<p>&#8212;&#8212;&#8212;&#8212;&#8212;&#8212;&#8212;&#8212;&#8212;&#8212;&#8212;&#8212;&#8212;-<br \/>\nHinweis bei den Internetseiten\/Links zum Haftungsausschluss:<br \/>\nMit Urteil vom 12. Mai 1998 hat das Landgericht Hamburg entschieden, dass man durch die Ausbringung eines Links die Inhalte der gelinkten Seite ggf. mit zu verantworten hat. Dies kann \u2013 so das LG \u2013 nur dadurch verhindert werden, dass man sich ausdr\u00fccklich von diesen Inhalten distanziert. F\u00fcr all diese externen Links gilt, dass wir keinerlei Einfluss auf die Gestaltung und die Inhalte der gelinkten Seiten haben. Deshalb distanzieren wir uns hiermit ausdr\u00fccklich von allen Inhalten aller von hier aus gelinkten Internetseiten.<\/p>\n","protected":false},"excerpt":{"rendered":"<p>Seit den 1980er Jahren wird dar\u00fcber diskutiert, dass das S-Bahn-Netz im Osten von Frankfurt \u00fcber die Metropole hinaus ausgedehnt werden soll. S\u00fcdlich des Mains mit der Stadt und dem Landkreis Offenbach sowie dem Zielpunkt Hanau erfolgte dieser Ausbau bereits von &hellip; <a href=\"https:\/\/pro-bahn-hessen.de\/?page_id=4073\">Weiterlesen <span class=\"meta-nav\">&rarr;<\/span><\/a><\/p>\n","protected":false},"author":1,"featured_media":0,"parent":4053,"menu_order":8,"comment_status":"open","ping_status":"open","template":"","meta":{"footnotes":""},"_links":{"self":[{"href":"https:\/\/pro-bahn-hessen.de\/index.php?rest_route=\/wp\/v2\/pages\/4073"}],"collection":[{"href":"https:\/\/pro-bahn-hessen.de\/index.php?rest_route=\/wp\/v2\/pages"}],"about":[{"href":"https:\/\/pro-bahn-hessen.de\/index.php?rest_route=\/wp\/v2\/types\/page"}],"author":[{"embeddable":true,"href":"https:\/\/pro-bahn-hessen.de\/index.php?rest_route=\/wp\/v2\/users\/1"}],"replies":[{"embeddable":true,"href":"https:\/\/pro-bahn-hessen.de\/index.php?rest_route=%2Fwp%2Fv2%2Fcomments&post=4073"}],"version-history":[{"count":13,"href":"https:\/\/pro-bahn-hessen.de\/index.php?rest_route=\/wp\/v2\/pages\/4073\/revisions"}],"predecessor-version":[{"id":9221,"href":"https:\/\/pro-bahn-hessen.de\/index.php?rest_route=\/wp\/v2\/pages\/4073\/revisions\/9221"}],"up":[{"embeddable":true,"href":"https:\/\/pro-bahn-hessen.de\/index.php?rest_route=\/wp\/v2\/pages\/4053"}],"wp:attachment":[{"href":"https:\/\/pro-bahn-hessen.de\/index.php?rest_route=%2Fwp%2Fv2%2Fmedia&parent=4073"}],"curies":[{"name":"wp","href":"https:\/\/api.w.org\/{rel}","templated":true}]}}