{"id":4114,"date":"2017-02-17T05:40:50","date_gmt":"2017-02-17T03:40:50","guid":{"rendered":"http:\/\/pro-bahn-hessen.de\/?page_id=4114"},"modified":"2023-12-31T17:10:21","modified_gmt":"2023-12-31T16:10:21","slug":"ausbauneubau-s-bahn-rheinneckar","status":"publish","type":"page","link":"https:\/\/pro-bahn-hessen.de\/?page_id=4114","title":{"rendered":"Ausbau\/Neubau S-Bahn Rhein\/Neckar"},"content":{"rendered":"<p>Der Ausbau der S-Bahn Rhein-Neckar besch\u00e4ftigt uns ganz im S\u00fcden des Bundeslandes. Im unmittelbar benachbarten Ballungsraum geh\u00f6ren die Gro\u00dfst\u00e4dte Mannheim. Ludwigshafen und Heidelberg, welche zu Baden-W\u00fcrttemberg bzw. Rheinland-Pfalz geh\u00f6ren. Heute noch mit Regionalz\u00fcgen befahrene Strecken sollen f\u00fcr die S-Bahn ausgebaut werden. Die Metropolregion Rhein\/Neckar betrifft auch den in Hessen liegenden Landkreis Bergstra\u00dfe, welcher als einziger Landkreis zum Verkehrsverbund Rhein\/Neckar und nicht zum RMV oder NVV geh\u00f6rt. Die S-Bahn wird in Zukunft auf zwei Strecken nach Hessen hineinfahren und zwar bis Biblis auf der Riedbahn und bis Bensheim auf der Main-Neckar-Bahn.<\/p>\n<p>Internetseite des SB zum S-Bahn-Ausbauprojekt in der Metropolregion Rhein\/Neckar:<br \/>\n<strong><a title=\"www.ausbau-rheinneckar.de\" href=\"https:\/\/www.ausbau-rheinneckar.de\/\" target=\"_blank\" rel=\"noopener\">www.ausbau-rheinneckar.de\/<\/a><\/strong><br \/>\n<strong><br \/>\nAnsprechpartner seitens des Fahrgastverbandes PRO BAHN zum Thema S-Bahn-Ausbau Rhein\/Neckar:<\/strong><br \/>\n<strong><br \/>\nAufgabe ist im Moment nicht besetzt. Bei Fragen wenden Sie sich an den Landesvorstand.<\/p>\n<p>&#8212;&#8212;&#8212;&#8212;&#8212;&#8212;&#8212;&#8212;&#8212;&#8212;&#8212;&#8212;&#8212;-<br \/>\nHinweis bei den Internetseiten\/Links zum Haftungsausschluss:<br \/>\nMit Urteil vom 12. Mai 1998 hat das Landgericht Hamburg entschieden, dass man durch die Ausbringung eines Links die Inhalte der gelinkten Seite ggf. mit zu verantworten hat. Dies kann \u2013 so das LG \u2013 nur dadurch verhindert werden, dass man sich ausdr\u00fccklich von diesen Inhalten distanziert. F\u00fcr all diese externen Links gilt, dass wir keinerlei Einfluss auf die Gestaltung und die Inhalte der gelinkten Seiten haben. Deshalb distanzieren wir uns hiermit ausdr\u00fccklich von allen Inhalten aller von hier aus gelinkten Internetseiten.<\/p>\n","protected":false},"excerpt":{"rendered":"<p>Der Ausbau der S-Bahn Rhein-Neckar besch\u00e4ftigt uns ganz im S\u00fcden des Bundeslandes. Im unmittelbar benachbarten Ballungsraum geh\u00f6ren die Gro\u00dfst\u00e4dte Mannheim. Ludwigshafen und Heidelberg, welche zu Baden-W\u00fcrttemberg bzw. Rheinland-Pfalz geh\u00f6ren. Heute noch mit Regionalz\u00fcgen befahrene Strecken sollen f\u00fcr die S-Bahn ausgebaut &hellip; <a href=\"https:\/\/pro-bahn-hessen.de\/?page_id=4114\">Weiterlesen <span class=\"meta-nav\">&rarr;<\/span><\/a><\/p>\n","protected":false},"author":1,"featured_media":0,"parent":4053,"menu_order":13,"comment_status":"open","ping_status":"open","template":"","meta":{"footnotes":""},"_links":{"self":[{"href":"https:\/\/pro-bahn-hessen.de\/index.php?rest_route=\/wp\/v2\/pages\/4114"}],"collection":[{"href":"https:\/\/pro-bahn-hessen.de\/index.php?rest_route=\/wp\/v2\/pages"}],"about":[{"href":"https:\/\/pro-bahn-hessen.de\/index.php?rest_route=\/wp\/v2\/types\/page"}],"author":[{"embeddable":true,"href":"https:\/\/pro-bahn-hessen.de\/index.php?rest_route=\/wp\/v2\/users\/1"}],"replies":[{"embeddable":true,"href":"https:\/\/pro-bahn-hessen.de\/index.php?rest_route=%2Fwp%2Fv2%2Fcomments&post=4114"}],"version-history":[{"count":12,"href":"https:\/\/pro-bahn-hessen.de\/index.php?rest_route=\/wp\/v2\/pages\/4114\/revisions"}],"predecessor-version":[{"id":7985,"href":"https:\/\/pro-bahn-hessen.de\/index.php?rest_route=\/wp\/v2\/pages\/4114\/revisions\/7985"}],"up":[{"embeddable":true,"href":"https:\/\/pro-bahn-hessen.de\/index.php?rest_route=\/wp\/v2\/pages\/4053"}],"wp:attachment":[{"href":"https:\/\/pro-bahn-hessen.de\/index.php?rest_route=%2Fwp%2Fv2%2Fmedia&parent=4114"}],"curies":[{"name":"wp","href":"https:\/\/api.w.org\/{rel}","templated":true}]}}