{"id":4121,"date":"2017-02-17T05:46:41","date_gmt":"2017-02-17T03:46:41","guid":{"rendered":"http:\/\/pro-bahn-hessen.de\/?page_id=4121"},"modified":"2023-12-31T17:08:45","modified_gmt":"2023-12-31T16:08:45","slug":"ausbau-s-bahn-friedrichsdorf-usingen-taunusbahn","status":"publish","type":"page","link":"https:\/\/pro-bahn-hessen.de\/?page_id=4121","title":{"rendered":"Ausbau S-Bahn Friedrichsdorf-Usingen (Taunusbahn)"},"content":{"rendered":"<p>Von diesem Projekt im Schienenpersonennahverkehr h\u00e4tte vor einigen Jahren noch niemand gesprochen und es ist daher das j\u00fcngste Projekt unter allen seither geplanten Gro\u00dfprojekten. Erst in den letzten Jahren wurde das Projekt, die S-Bahn \u00fcber Friedrichsdorf hinaus \u00fcber die Trasse der Taunusbahn bis nach Usingen zu verl\u00e4ngern, geboren. Es hat aber im Verh\u00e4ltnis dazu schon einen sehr weitreichenden Status.\u00a0 Durch die Erschie\u00dfung gr\u00f6\u00dferer Wohngebiete im Usinger Land in den letzten 20 Jahren ist die Einwohnerzahl entlang der Taunusbahn teilweise sprunghaft angestiegen, als Beispiel sei hier die Gemeinde Neu-Anspach genannt.<\/p>\n<p>Daher wird man nicht umhinkommen, die S 5 zu verl\u00e4ngern. Konkrete Pl\u00e4ne gibt es noch nicht bzw. der PRO BAHN Landesverband Hessen und auch der PRO BAHN Regionalverband Gro\u00dfraum Frankfurt kennen diese nicht. Daher werden wir das Gesantthema konstruktiv begleiten und uns f\u00fcr den Ausbau der S 5 in den Hintertaunus einsetzen. Da es noch keine weitreichende Beteiligung von Verb\u00e4nden und B\u00fcrgern gibt, hat PRO BAHN noch keinen Vertreter f\u00fcr das Projekt S-Bahn-Verl\u00e4ngerung S 5 Usingen benannt.<\/p>\n<p>Haben Sie Fragen\/Anregungen an PRO BAHN zum Projekt S-Bahn-Verl\u00e4ngerung Friedrichsdorf-Usingen, dann wenden Sie sich aktuell an:<\/p>\n<p>Helmut Lind<br \/>\nTel. 06171 \/ 4628<br \/>\nPRO BAHN Regionalverband Gro\u00dfraum Frankfurt e.V.<br \/>\nPostfach 11 14 16<br \/>\n60049 Frankfurt am Main<br \/>\nMail: <strong>frankfurt(a)pro-bahn-hessen.de<\/strong><\/p>\n","protected":false},"excerpt":{"rendered":"<p>Von diesem Projekt im Schienenpersonennahverkehr h\u00e4tte vor einigen Jahren noch niemand gesprochen und es ist daher das j\u00fcngste Projekt unter allen seither geplanten Gro\u00dfprojekten. Erst in den letzten Jahren wurde das Projekt, die S-Bahn \u00fcber Friedrichsdorf hinaus \u00fcber die Trasse &hellip; <a href=\"https:\/\/pro-bahn-hessen.de\/?page_id=4121\">Weiterlesen <span class=\"meta-nav\">&rarr;<\/span><\/a><\/p>\n","protected":false},"author":1,"featured_media":0,"parent":4053,"menu_order":10,"comment_status":"open","ping_status":"open","template":"","meta":{"footnotes":""},"_links":{"self":[{"href":"https:\/\/pro-bahn-hessen.de\/index.php?rest_route=\/wp\/v2\/pages\/4121"}],"collection":[{"href":"https:\/\/pro-bahn-hessen.de\/index.php?rest_route=\/wp\/v2\/pages"}],"about":[{"href":"https:\/\/pro-bahn-hessen.de\/index.php?rest_route=\/wp\/v2\/types\/page"}],"author":[{"embeddable":true,"href":"https:\/\/pro-bahn-hessen.de\/index.php?rest_route=\/wp\/v2\/users\/1"}],"replies":[{"embeddable":true,"href":"https:\/\/pro-bahn-hessen.de\/index.php?rest_route=%2Fwp%2Fv2%2Fcomments&post=4121"}],"version-history":[{"count":12,"href":"https:\/\/pro-bahn-hessen.de\/index.php?rest_route=\/wp\/v2\/pages\/4121\/revisions"}],"predecessor-version":[{"id":5080,"href":"https:\/\/pro-bahn-hessen.de\/index.php?rest_route=\/wp\/v2\/pages\/4121\/revisions\/5080"}],"up":[{"embeddable":true,"href":"https:\/\/pro-bahn-hessen.de\/index.php?rest_route=\/wp\/v2\/pages\/4053"}],"wp:attachment":[{"href":"https:\/\/pro-bahn-hessen.de\/index.php?rest_route=%2Fwp%2Fv2%2Fmedia&parent=4121"}],"curies":[{"name":"wp","href":"https:\/\/api.w.org\/{rel}","templated":true}]}}