{"id":51,"date":"2013-03-09T22:13:27","date_gmt":"2013-03-09T20:13:27","guid":{"rendered":"http:\/\/www.spd21.de\/wordpress\/?page_id=51"},"modified":"2025-09-29T14:34:08","modified_gmt":"2025-09-29T12:34:08","slug":"pro-bahn-in-mittelhessen","status":"publish","type":"page","link":"https:\/\/pro-bahn-hessen.de\/?page_id=51","title":{"rendered":"PRO BAHN Regionalverband Mittelhessen"},"content":{"rendered":"<p><span style=\"color: #000000;\"><strong><span style=\"text-decoration: underline;\">Anschrift und Ans<\/span>p<span style=\"text-decoration: underline;\">rech<\/span>p<span style=\"text-decoration: underline;\">artner<\/span><span style=\"text-decoration: underline;\"> f\u00fcr den Re<\/span>g<span style=\"text-decoration: underline;\">ionalverband Mittelhessen:<\/span><\/strong><\/span><\/p>\n<p><em><span style=\"text-decoration: underline;\">Postanschrift:<\/span><\/em><br \/>\nBahnhofstra\u00dfe 10<br \/>\n35457 Lollar<br \/>\nMail: mittelhessen@pro-bahn-hessen.de<\/p>\n<p><span style=\"text-decoration: underline;\">Telefonisch ist der Re<\/span>gi<span style=\"text-decoration: underline;\">onalverband Mittelhessen \u00fcber fo<\/span>lg<span style=\"text-decoration: underline;\">ende Telefonnummern zu<\/span> <span style=\"text-decoration: underline;\">erreichen:<\/span><br \/>\nTel. +49(0)6406 8373997<\/p>\n<p><em><span style=\"text-decoration: underline;\">Re<\/span>g<span style=\"text-decoration: underline;\">ionals<\/span>p<span style=\"text-decoration: underline;\">recher:<\/span><\/em><br \/>\nThomas Kraft<br \/>\nLars M\u00f6bius<\/p>\n<p><span style=\"color: #000000;\"><strong><span style=\"text-decoration: underline;\">Internetseite des Re<\/span>g<span style=\"text-decoration: underline;\">ionalverbandes Mittelhessen:<\/span><\/strong><\/span><\/p>\n<p><a href=\"https:\/\/pro-bahn-nom.de\/rv-mittelhessen\" target=\"_blank\" rel=\"noopener\">PRO BAHN Regionalverband Mittelhessen im Internet<\/a><\/p>\n<p><a href=\"https:\/\/pro-bahn-nom.de\/\" target=\"_blank\" rel=\"noopener\">PRO BAHN Regionenvereinigung Nordhessen-Osthessen-Mittelhessen im Internet<\/a><\/p>\n<div id=\"attachment_8306\" style=\"width: 310px\" class=\"wp-caption aligncenter\"><a href=\"https:\/\/pro-bahn-hessen.de\/wp-content\/uploads\/2022\/01\/20200712_170522-zugeschnitten-klein-500.jpg\"><img loading=\"lazy\" decoding=\"async\" aria-describedby=\"caption-attachment-8306\" class=\"size-medium wp-image-8306\" src=\"https:\/\/pro-bahn-hessen.de\/wp-content\/uploads\/2022\/01\/20200712_170522-zugeschnitten-klein-500-300x215.jpg\" alt=\"\" width=\"300\" height=\"215\" srcset=\"https:\/\/pro-bahn-hessen.de\/wp-content\/uploads\/2022\/01\/20200712_170522-zugeschnitten-klein-500-300x215.jpg 300w, https:\/\/pro-bahn-hessen.de\/wp-content\/uploads\/2022\/01\/20200712_170522-zugeschnitten-klein-500.jpg 500w\" sizes=\"(max-width: 300px) 100vw, 300px\" \/><\/a><p id=\"caption-attachment-8306\" class=\"wp-caption-text\">Der RE99, betrieben von der Hessischen Landesbahn, in Gleis 1 im Bahnhof Gie\u00dfen. Dahinter das historische Bahnhofsgeb\u00e4ude.<\/p><\/div>\n<p><span style=\"color: #000000;\"><strong><span style=\"text-decoration: underline;\">Gebietsk\u00f6rperschaften im Re<\/span>g<span style=\"text-decoration: underline;\">ionalverband Mittelhessen:<\/span><\/strong><\/span><\/p>\n<p>&#8211; Landkreis Gie\u00dfen<br \/>\n&#8211; Universit\u00e4tsstadt Gie\u00dfen (Sonderstatusstadt, nicht kreisfrei, eigener \u00d6PNV-Aufgabentr\u00e4ger)<br \/>\n&#8211; Landkreis Marburg-Biedenkopf<br \/>\n&#8211; Stadt Marburg (Sonderstatusstadt, nicht kreisfrei, eigener \u00d6PNV-Aufgabentr\u00e4ger)<br \/>\n&#8211; Lahn-Dill-Kreis<br \/>\n&#8211; Stadt Wetz\u00f6ar (Sonderstatusstadt, nicht kreisfrei, eigener \u00d6PNV-Aufgabentr\u00e4ger)<br \/>\n&#8211; Landkreis Limburg-Weilburg<br \/>\n&#8211; Wetteraukreis &#8211; n\u00f6rdlicher und \u00f6stlicher Teil<\/p>\n<p><img loading=\"lazy\" decoding=\"async\" class=\"alignleft size-full wp-image-9959\" src=\"https:\/\/pro-bahn-hessen.de\/wp-content\/uploads\/2025\/09\/Verwaltungskarte-Landkreise-Hessen-zusammengefuegt-2025-3-1-zugeschnitten-scaled.jpg\" alt=\"\" width=\"1485\" height=\"2560\" srcset=\"https:\/\/pro-bahn-hessen.de\/wp-content\/uploads\/2025\/09\/Verwaltungskarte-Landkreise-Hessen-zusammengefuegt-2025-3-1-zugeschnitten-scaled.jpg 1485w, https:\/\/pro-bahn-hessen.de\/wp-content\/uploads\/2025\/09\/Verwaltungskarte-Landkreise-Hessen-zusammengefuegt-2025-3-1-zugeschnitten-174x300.jpg 174w, https:\/\/pro-bahn-hessen.de\/wp-content\/uploads\/2025\/09\/Verwaltungskarte-Landkreise-Hessen-zusammengefuegt-2025-3-1-zugeschnitten-594x1024.jpg 594w, https:\/\/pro-bahn-hessen.de\/wp-content\/uploads\/2025\/09\/Verwaltungskarte-Landkreise-Hessen-zusammengefuegt-2025-3-1-zugeschnitten-768x1324.jpg 768w, https:\/\/pro-bahn-hessen.de\/wp-content\/uploads\/2025\/09\/Verwaltungskarte-Landkreise-Hessen-zusammengefuegt-2025-3-1-zugeschnitten-891x1536.jpg 891w, https:\/\/pro-bahn-hessen.de\/wp-content\/uploads\/2025\/09\/Verwaltungskarte-Landkreise-Hessen-zusammengefuegt-2025-3-1-zugeschnitten-1188x2048.jpg 1188w\" sizes=\"(max-width: 1485px) 100vw, 1485px\" \/><\/p>\n<p>&nbsp;<\/p>\n<p>&nbsp;<\/p>\n","protected":false},"excerpt":{"rendered":"<p>Anschrift und Ansprechpartner f\u00fcr den Regionalverband Mittelhessen: Postanschrift: Bahnhofstra\u00dfe 10 35457 Lollar Mail: mittelhessen@pro-bahn-hessen.de Telefonisch ist der Regionalverband Mittelhessen \u00fcber folgende Telefonnummern zu erreichen: Tel. +49(0)6406 8373997 Regionalsprecher: Thomas Kraft Lars M\u00f6bius Internetseite des Regionalverbandes Mittelhessen: PRO BAHN Regionalverband Mittelhessen &hellip; <a href=\"https:\/\/pro-bahn-hessen.de\/?page_id=51\">Weiterlesen <span class=\"meta-nav\">&rarr;<\/span><\/a><\/p>\n","protected":false},"author":1,"featured_media":0,"parent":7,"menu_order":4,"comment_status":"closed","ping_status":"closed","template":"","meta":{"footnotes":""},"_links":{"self":[{"href":"https:\/\/pro-bahn-hessen.de\/index.php?rest_route=\/wp\/v2\/pages\/51"}],"collection":[{"href":"https:\/\/pro-bahn-hessen.de\/index.php?rest_route=\/wp\/v2\/pages"}],"about":[{"href":"https:\/\/pro-bahn-hessen.de\/index.php?rest_route=\/wp\/v2\/types\/page"}],"author":[{"embeddable":true,"href":"https:\/\/pro-bahn-hessen.de\/index.php?rest_route=\/wp\/v2\/users\/1"}],"replies":[{"embeddable":true,"href":"https:\/\/pro-bahn-hessen.de\/index.php?rest_route=%2Fwp%2Fv2%2Fcomments&post=51"}],"version-history":[{"count":65,"href":"https:\/\/pro-bahn-hessen.de\/index.php?rest_route=\/wp\/v2\/pages\/51\/revisions"}],"predecessor-version":[{"id":9966,"href":"https:\/\/pro-bahn-hessen.de\/index.php?rest_route=\/wp\/v2\/pages\/51\/revisions\/9966"}],"up":[{"embeddable":true,"href":"https:\/\/pro-bahn-hessen.de\/index.php?rest_route=\/wp\/v2\/pages\/7"}],"wp:attachment":[{"href":"https:\/\/pro-bahn-hessen.de\/index.php?rest_route=%2Fwp%2Fv2%2Fmedia&parent=51"}],"curies":[{"name":"wp","href":"https:\/\/api.w.org\/{rel}","templated":true}]}}