{"id":5556,"date":"2018-06-10T16:26:46","date_gmt":"2018-06-10T14:26:46","guid":{"rendered":"https:\/\/pro-bahn-hessen.de\/?page_id=5556"},"modified":"2025-11-02T11:46:19","modified_gmt":"2025-11-02T10:46:19","slug":"landesversammlung","status":"publish","type":"page","link":"https:\/\/pro-bahn-hessen.de\/?page_id=5556","title":{"rendered":"Landesmitgliederversammlung"},"content":{"rendered":"<p>Die Landesmitgliederversammlung des PRO BAHN Landesverbandes Hessen ist das h\u00f6chste Organ des Verbandes. Sie tritt gem\u00e4\u00df Satzung mindestens einmal j\u00e4hrlich zusammen und in ihr haben alle nat\u00fcrlichen Personen, die im Landesverband als Mitglied registriert sind, Stimmrecht. Alle juristischen Personen, die Mitglied sind, haben als Stimmberechtigung eine Einzelstimme. Die Landesversammlungen mit Datum, Sitzungsort und (gastgebender) Regionalverband der vergangenen Jahre und Zuordnungen in den kommenden Jahren:<br \/>\n<strong>02.04.2011<\/strong> \u2013 <strong>Gie\u00dfen<\/strong> \u2013 Regionalverband Mittelhessen<br \/>\n<strong>14.04.2012<\/strong> \u2013 <strong>Darmstadt<\/strong> \u2013 Regionalverband Starkenburg<br \/>\n<strong>23.03.2013<\/strong> \u2013 <strong>Kassel<\/strong> \u2013 Regionalverband Nordhessen<br \/>\n<strong>17.05.2014<\/strong> \u2013 <strong>Fulda<\/strong> \u2013 Regionalverband Osthessen<br \/>\n<strong>30.05.2015<\/strong> \u2013 <strong>Frankfurt am Main<\/strong> \u2013 Regionalverband Gro\u00dfraum Frankfurt<br \/>\n<strong>04.06.2016<\/strong> \u2013 <strong>Gie\u00dfen<\/strong> \u2013 Regionalverband Mittelhessen<br \/>\n<strong>10.06.2017<\/strong> \u2013 <strong>Darmstadt<\/strong> \u2013 Regionalverband Starkenburg<br \/>\n<strong>09.06.2018<\/strong> \u2013 <strong>Kassel<\/strong> \u2013 Regionalverband Nordhessen<br \/>\n<strong>15.06.2019<\/strong> \u2013 <strong>Hanau<\/strong> &#8211; Regionalverband Gro\u00dfraum Frankfurt<br \/>\n<strong>2020<\/strong> &#8211; ausgefallen wegen Corona<br \/>\n<strong>17.07.2021<\/strong> &#8211; Landesmitgliederversammlung als Schaltkonferenz im Internet<br \/>\n<strong>29.01.2022<\/strong> &#8211; <strong>Frankfurt am Main<\/strong> &#8211; au\u00dferordentliche Landesmitgliederversammlung &#8211; Regionalverband Gro\u00dfraum Frankfurt<br \/>\n<strong>08.10.2022<\/strong> &#8211; <strong>Fulda<\/strong> &#8211; Regionalverband Osthessen<br \/>\n<strong>28.10.2023<\/strong> &#8211; <strong>Butzbach<\/strong> &#8211; Regionalverband Mittelhessen<br \/>\n<strong>12.10.2024<\/strong> &#8211; <strong>Darmstadt<\/strong> &#8211; Regionalverband Starkenburg<br \/>\n<strong>19.07.2025<\/strong> &#8211; <strong>Lollar<\/strong> &#8211; au\u00dferordentliche Landesmitgliederversammlung &#8211; Regionalverband Mittelhessen<br \/>\n<strong>25.10.2025<\/strong> &#8211; <strong>Wetzlar<\/strong> &#8211; Regionalverband Mittelhessen<br \/>\n<strong>TT.MM.2026<\/strong> &#8211; Datum, Zeit und Ort noch nicht bekannt &#8211; au\u00dferordentliche Landesmitgliederversammlung zur Satzungs\u00e4nderung<br \/>\n<strong>24.10.2026<\/strong> &#8211;<strong> Kassel<\/strong> &#8211; Regionalverband Nordhessen<\/p>\n<p>Turnus der ordentlichen Landesmitgliederversammlungen<\/p>\n<p><strong>2027<\/strong> \u2013 Regionalverband Gro\u00dfraum Frankfurt<br \/>\n<strong>2028<\/strong> \u2013 Regionalverband Osthessen<br \/>\n<strong>2029<\/strong> \u2013 Regionalverband Mittelhessen<br \/>\n<strong>2030<\/strong> &#8211; Regionalverband Starkenburg<br \/>\n<strong>2031<\/strong> &#8211; Regionalverband Nordhessen<br \/>\n<strong>2032<\/strong> &#8211; Regionalverband Gro\u00dfraum Frankfurt<br \/>\n<strong>2033<\/strong> &#8211; Regionalverband Osthessen<br \/>\n<strong>2034<\/strong> &#8211; Regionalverband Mittelhessen<br \/>\n<strong>2035<\/strong> &#8211; Regionalverband Starkenburg<br \/>\n<strong>2036<\/strong> &#8211; Regionalverband Nordhessen<br \/>\n<strong>2037<\/strong> &#8211; Regionalverband Gro\u00dfraum Frankfurt<br \/>\n<strong>2038<\/strong> &#8211; Regionalverband Osthessen<br \/>\n<strong>2039<\/strong> &#8211; Regionalverband Mittelhessen<br \/>\n<strong>2040<\/strong> &#8211; Regionalverband Starkenburg<\/p>\n","protected":false},"excerpt":{"rendered":"<p>Die Landesmitgliederversammlung des PRO BAHN Landesverbandes Hessen ist das h\u00f6chste Organ des Verbandes. Sie tritt gem\u00e4\u00df Satzung mindestens einmal j\u00e4hrlich zusammen und in ihr haben alle nat\u00fcrlichen Personen, die im Landesverband als Mitglied registriert sind, Stimmrecht. Alle juristischen Personen, die &hellip; <a href=\"https:\/\/pro-bahn-hessen.de\/?page_id=5556\">Weiterlesen <span class=\"meta-nav\">&rarr;<\/span><\/a><\/p>\n","protected":false},"author":1,"featured_media":0,"parent":237,"menu_order":2,"comment_status":"closed","ping_status":"closed","template":"","meta":{"footnotes":""},"_links":{"self":[{"href":"https:\/\/pro-bahn-hessen.de\/index.php?rest_route=\/wp\/v2\/pages\/5556"}],"collection":[{"href":"https:\/\/pro-bahn-hessen.de\/index.php?rest_route=\/wp\/v2\/pages"}],"about":[{"href":"https:\/\/pro-bahn-hessen.de\/index.php?rest_route=\/wp\/v2\/types\/page"}],"author":[{"embeddable":true,"href":"https:\/\/pro-bahn-hessen.de\/index.php?rest_route=\/wp\/v2\/users\/1"}],"replies":[{"embeddable":true,"href":"https:\/\/pro-bahn-hessen.de\/index.php?rest_route=%2Fwp%2Fv2%2Fcomments&post=5556"}],"version-history":[{"count":9,"href":"https:\/\/pro-bahn-hessen.de\/index.php?rest_route=\/wp\/v2\/pages\/5556\/revisions"}],"predecessor-version":[{"id":10027,"href":"https:\/\/pro-bahn-hessen.de\/index.php?rest_route=\/wp\/v2\/pages\/5556\/revisions\/10027"}],"up":[{"embeddable":true,"href":"https:\/\/pro-bahn-hessen.de\/index.php?rest_route=\/wp\/v2\/pages\/237"}],"wp:attachment":[{"href":"https:\/\/pro-bahn-hessen.de\/index.php?rest_route=%2Fwp%2Fv2%2Fmedia&parent=5556"}],"curies":[{"name":"wp","href":"https:\/\/api.w.org\/{rel}","templated":true}]}}