{"id":5562,"date":"2018-06-10T17:02:51","date_gmt":"2018-06-10T15:02:51","guid":{"rendered":"https:\/\/pro-bahn-hessen.de\/?page_id=5562"},"modified":"2025-11-02T11:16:37","modified_gmt":"2025-11-02T10:16:37","slug":"landeesausschuss","status":"publish","type":"page","link":"https:\/\/pro-bahn-hessen.de\/?page_id=5562","title":{"rendered":"Landesausschuss"},"content":{"rendered":"<p>Der Landesausschuss hat die fachlich- inhaltliche Arbeit als Schwerpunkt und bindet mehr Personen \u00fcber die Vorstandsmitglieder hinaus ein. Ihm geh\u00f6ren der Landesvorstand, die Regionalsprecher der Regionalverb\u00e4nde, welche \u201enicht\u201c dem Landesvorstand angeh\u00f6ren, sowie die Fachreferenten und Fachausschussleiter. Den Mitgliedern des Landesvorstandes sind auch gr\u00f6\u00dftenteils inhaltlich-fachliche Aufgaben zugeordnet. Genauere Angaben \u00fcber die Kontaktdaten von einzelnen Personen werden auf schriftliche Anfrage in R\u00fccksprache mit dem Verantwortungstr\u00e4ger erteilt. Hier die Gliederung in dieser \u00dcbersicht:<br \/>\n1 \u2013 Landesvorstand<br \/>\n1.1 \u2013 gesch\u00e4ftsf\u00fchrender Landesvorstand<br \/>\n1.2 \u2013 erweiterter Landesvorstand<br \/>\n2 \u2013 Regionalvorstandsmitglieder und Regionalsprecher (ohne Zuordnung zu den anderen Positionen\/Personengruppen)<br \/>\n3 \u2013 Fachreferenten<br \/>\n4 \u2013 Fachaussch\u00fcsse<\/p>\n<p><strong>1 &#8211; Landesvorstand<\/strong><br \/>\n<strong>1.1 &#8211; gesch\u00e4ftsf\u00fchrender Landesvorstand<\/strong><\/p>\n<p><em>Landesvorsitzender<\/em><br \/>\n<strong>Thomas Kraft<\/strong><br \/>\n35633 Lahnau [LDK]<br \/>\n&#8211; auch beauftragt f\u00fcr die Region Mittelhessen<br \/>\n&#8211; auch beauftragt seitens PRO BAHN in allen Angelegenheiten zu Situation\/Planungen: Ausbau Main-Weser-Bahn und Verbindungen nach Nordrhein-Westfalen<br \/>\n&#8211; auch beauftragt als Vertreter f\u00fcr PRO BAHN mit dem Sitz im Fahrgastbeirat des Rhein-Main-Verkehrsverbundes (RMV)<br \/>\n&#8211; auch beauftragt als Fachreferent f\u00fcr Presse-, \u00d6ffentlichkeits- und Medienarbeit auf Landesebene (mehrere Referenten)<br \/>\n&#8211; einer der Regionalsprecher in Mittelhessen<\/p>\n<p><em>Stellv. Landesvorsitzender<\/em><br \/>\n<strong>Klaus Zecher<\/strong><br \/>\n35392 Gie\u00dfen [GI]<br \/>\n&#8211; auch beauftragt zum Thema Fahrgastanliegen<br \/>\n&#8211; auch beauftragt als Fachreferent f\u00fcr Presse-, \u00d6ffentlichkeits- und Medienarbeit auf Landesebene (mehrere Referenten)<br \/>\n&#8211; auch beauftragt als Vertreter seitens PRO BAHN f\u00fcr die Initiative &#8222;Sozialvertr\u00e4gliche Verkehrswende Hessen&#8220;<\/p>\n<p><em>Landeskassenwart<\/em><br \/>\n<strong>Uwe Schuchmann<\/strong><br \/>\n64372 Ober-Ramstadt [DA-DI]<br \/>\n&#8211; auch beauftragt als Vertreter seitens PRO BAHN f\u00fcr das &#8222;Hessische Schienenkonzept 2030 plus&#8220;<\/p>\n<p><strong>1.2 &#8211; erweiterter Landesvorstand<\/strong><\/p>\n<p><em>Beisitzer im Landesvorstand<\/em><br \/>\n<strong>Dirk Elmer<\/strong><br \/>\n20257 Hamburg [HH]<br \/>\n&#8211; auch beauftragt zur Mitwirkung im Fachressort EDV und Internet<\/p>\n<p><em>Beisitzer im Landesvorstand<\/em><br \/>\n<strong>Werner Filzinger<\/strong><br \/>\n36341 Lauterbach (Hessen) [VB]<br \/>\n&#8211; auch beauftragt als Vertreter seitens PRO BAHN f\u00fcr die Neubaustrecke Fulda-Gerstungen<br \/>\n&#8211; auch beauftragt als Vertreter f\u00fcr PRO BAHN mit dem Sitz im Fahrgastbeirat des Rhein-Main-Verkehrsverbundes (RMV)<br \/>\n&#8211; auch beauftragt als Fachreferent f\u00fcr Presse-, \u00d6ffentlichkeits- und Medienarbeit auf Landesebene (mehrere Referenten) sowie f\u00fcr die Region Osthessen<br \/>\n&#8211; Mitglied im Beirat der Verbraucherzentrale Hessen.<br \/>\n&#8211; einer der Regionalsprecher des Regionalverbandes Osthessen<\/p>\n<p><em>Beisitzer im Landesvorstand<\/em><br \/>\n<strong>Manuel Flauaus<\/strong><br \/>\n35618 Selters (Taunus) [LM]<br \/>\n&#8211; auch beauftragt als Fachreferent f\u00fcr diverse Internet-Kommunikationsmedien<br \/>\n&#8211; auch beauftragt als Fachreferent zur Beantwortung von Fahrgastanliegen<\/p>\n<p><em>Beisitzer im Landesvorstand<\/em><br \/>\n<strong>Lukas K\u00f6hler<\/strong><br \/>\n63584 Gr\u00fcndau [MKK]<\/p>\n<p><em>Beisitzer im Landesvorstand<\/em><br \/>\n<strong>Bernd Rohrmann<\/strong><br \/>\n64289 Darmstadt [DA]<\/p>\n<p><strong>2. &#8211; Regionalsprecher und Regionalvorstandsmitglieder (ohne Zuordnung zu einer anderen Position\/Personengruppe)<\/strong><\/p>\n<p><strong>2.1 &#8211; PRO BAHN Regionalverband Frankfurt\/Rhein-Main<\/strong><br \/>\n<em>Regionalvertreterin<\/em><br \/>\n<strong>Dr. Barbara Grassel<\/strong><br \/>\n65819 Hofheim am Taunus [MTK]<\/p>\n<p><strong>2.2 &#8211; PRO BAHN Regionalverband Starkenburg<\/strong><br \/>\n<em>Regionalvertreter<\/em><br \/>\n<strong>Thomas Mroczek<\/strong><br \/>\n64579 Nauheim [GG]<\/p>\n<p><strong>2.3 &#8211; PRO BAHN Regionalverband Osthessen<\/strong><br \/>\n<em>Regionalvertreter<\/em><br \/>\n<strong>Barbara Filzinger<\/strong><br \/>\n36341 Lauterbach (Hessen) [VB]<\/p>\n<p><strong>2.3 &#8211; PRO BAHN Regionalverband Nordhessen<\/strong><br \/>\n<em>Regionalvertreter<\/em><br \/>\n<strong>Ewald Biedenbach und Ulrich Seng<\/strong><br \/>\n34131 Kassel [KS]<\/p>\n<p><strong>2.4 &#8211; Region Westhessen<\/strong><br \/>\nDie Region befindet sich derzeit in der Neugliederung.<\/p>\n<p><strong>3. \u2013 Fachreferenten<\/strong><\/p>\n<p><em>Fachreferent Internet \/ EDV:<\/em><br \/>\n<strong>John Grimmette<\/strong><br \/>\n64297 Darmstadt [DA]<br \/>\n&#8211; beauftragt als EDV-\/Internetadministrator<br \/>\n&#8211; beauftragt als Datenschutzbeauftragter<\/p>\n<p><em>Fachreferent zur geplanten Regionaltangente West (RTW) als Umfahrung von Frankfurt am Main:<\/em><br \/>\n<strong>Wilfried Staub<\/strong><br \/>\n65812 Bad Soden am Taunus [MTK]<\/p>\n<p><em>Fachreferent f\u00fcr PRO BAHN Hessen im Runden Tisch zur Neubau-G\u00fcterverkehrsstrecke &#8222;Kurve Kassel&#8220;:<\/em><br \/>\n<strong>Ulrich Seng<\/strong><br \/>\n34131 Kassel [KS]<\/p>\n<p><em>Fachreferenten zu Themen in Bezug auf den Nordhessischen Verkehrsverbund (NVV) :<\/em><br \/>\n<strong>Ewald Biedenbach und Ulrich Seng<\/strong><br \/>\n34131 Kassel [KS]<br \/>\nAufgabe wird durch den stimmberechtigten Regionalsprecher wahrgenommen, daher aktuell keine eigenst\u00e4ndige Stimmberechtigung.<\/p>\n<p><em>Fachreferent zu Themen in Bezug auf den Verkehrsverbund Rhein-Neckar (VRN) :<\/em><br \/>\n<strong>Thomas Mroczek<\/strong><br \/>\n64569 Nauheim b. Gro\u00df-Gerau [GG]<\/p>\n<p><em>Fachreferenten Internet \/ EDV:<\/em><br \/>\n<strong>John Grimmette\u00a0<\/strong><br \/>\n64297 Darmstadt [DA]<br \/>\n&#8211; beauftragt als EDV-\/Internetadministrator<br \/>\n&#8211; beauftragt als Datenschutzbeauftragter<\/p>\n<p><em>Fachreferent f\u00fcr PRO BAHN Hessen im Beteiligungsforum zur Neubaustrecke Rhein\/Main-Rhein-Neckar:<\/em><br \/>\nAufgabe wird durch ein Landesvorstandsmitglied wahrgenommen, daher aktuell keine eigenst\u00e4ndige Stimmberechtigung.<\/p>\n<p><em>Fachreferent f\u00fcr PRO BAHN Hessen im Beteiligungsforum zur Neubaustrecke Hanau-Fulda\/W\u00fcrzburg:<\/em><br \/>\nAufgabe wird durch ein Landesvorstandsmitglied wahrgenommen, daher aktuell keine eigenst\u00e4ndige Stimmberechtigung.<\/p>\n<p><em>Fachreferent f\u00fcr PRO BAHN Hessen im Beteiligungsforum zur Neubaustrecke Fulda-Gerstungen:<\/em><br \/>\nAufgabe wird durch ein Landesvorstandsmitglied wahrgenommen, daher aktuell keine eigenst\u00e4ndige Stimmberechtigung.<\/p>\n<p><em>Fachreferent f\u00fcr PRO BAHN Hessen zur Ausbaustrecke Main-Weser-Bahn \/ Frankfurt-Friedberg:<\/em><br \/>\nAufgabe wird durch ein Landesvorstandsmitglied wahrgenommen, daher aktuell keine eigenst\u00e4ndige Stimmberechtigung.<\/p>\n<p><strong>4 &#8211; Fachausschuss<\/strong><br \/>\nAnmerkung: Je Fachausschuss besteht eine Stimmberechtigung im Landesausschuss, die anderen Funktionstr\u00e4ger haben nur eine beratende Teilnahme.<\/p>\n<p>Derzeit gibt es keinen Fachausschuss auf der Ebene des PRO BAHN Landesverbandes Hessen<\/p>\n","protected":false},"excerpt":{"rendered":"<p>Der Landesausschuss hat die fachlich- inhaltliche Arbeit als Schwerpunkt und bindet mehr Personen \u00fcber die Vorstandsmitglieder hinaus ein. Ihm geh\u00f6ren der Landesvorstand, die Regionalsprecher der Regionalverb\u00e4nde, welche \u201enicht\u201c dem Landesvorstand angeh\u00f6ren, sowie die Fachreferenten und Fachausschussleiter. Den Mitgliedern des Landesvorstandes &hellip; <a href=\"https:\/\/pro-bahn-hessen.de\/?page_id=5562\">Weiterlesen <span class=\"meta-nav\">&rarr;<\/span><\/a><\/p>\n","protected":false},"author":1,"featured_media":0,"parent":237,"menu_order":3,"comment_status":"closed","ping_status":"closed","template":"","meta":{"footnotes":""},"_links":{"self":[{"href":"https:\/\/pro-bahn-hessen.de\/index.php?rest_route=\/wp\/v2\/pages\/5562"}],"collection":[{"href":"https:\/\/pro-bahn-hessen.de\/index.php?rest_route=\/wp\/v2\/pages"}],"about":[{"href":"https:\/\/pro-bahn-hessen.de\/index.php?rest_route=\/wp\/v2\/types\/page"}],"author":[{"embeddable":true,"href":"https:\/\/pro-bahn-hessen.de\/index.php?rest_route=\/wp\/v2\/users\/1"}],"replies":[{"embeddable":true,"href":"https:\/\/pro-bahn-hessen.de\/index.php?rest_route=%2Fwp%2Fv2%2Fcomments&post=5562"}],"version-history":[{"count":42,"href":"https:\/\/pro-bahn-hessen.de\/index.php?rest_route=\/wp\/v2\/pages\/5562\/revisions"}],"predecessor-version":[{"id":10024,"href":"https:\/\/pro-bahn-hessen.de\/index.php?rest_route=\/wp\/v2\/pages\/5562\/revisions\/10024"}],"up":[{"embeddable":true,"href":"https:\/\/pro-bahn-hessen.de\/index.php?rest_route=\/wp\/v2\/pages\/237"}],"wp:attachment":[{"href":"https:\/\/pro-bahn-hessen.de\/index.php?rest_route=%2Fwp%2Fv2%2Fmedia&parent=5562"}],"curies":[{"name":"wp","href":"https:\/\/api.w.org\/{rel}","templated":true}]}}