{"id":58,"date":"2013-03-09T22:15:49","date_gmt":"2013-03-09T20:15:49","guid":{"rendered":"http:\/\/www.spd21.de\/wordpress\/?page_id=58"},"modified":"2025-09-29T14:36:09","modified_gmt":"2025-09-29T12:36:09","slug":"pro-bahn-regionalverband-starkenburg-e-v","status":"publish","type":"page","link":"https:\/\/pro-bahn-hessen.de\/?page_id=58","title":{"rendered":"Regionalverband Starkenburg"},"content":{"rendered":"<p><strong><span style=\"text-decoration: underline;\">PRO BAHN Re<\/span>g<span style=\"text-decoration: underline;\">ionalverband Starkenbur<\/span>g<span style=\"text-decoration: underline;\"> e.V.<\/span><\/strong><\/p>\n<p><strong><span style=\"text-decoration: underline;\">Anschrift und Ansprechpartner<\/span><span style=\"text-decoration: underline;\"> f\u00fcr den PRO BAHN Re<\/span>g<span style=\"text-decoration: underline;\">ionalverband Starkenburg e.V.<\/span><span style=\"text-decoration: underline;\">:<\/span><\/strong><\/p>\n<p>H\u00fcgelstra\u00dfe 30<br \/>\n64569 Nauheim (bei Gro\u00df-Gerau)<br \/>\nTel. +49(0)6152 \/ 9279265<br \/>\nMail: starkenburg@pro-bahn-hessen.de<\/p>\n<p>Der eingetragene Verein ist registriert beim Amtsgericht <strong>Darmstadt<\/strong><\/p>\n<p><strong>Ansprechpartner:<\/strong><br \/>\nThomas Mroczek (Regionalvorsitzender\/Nauheim, Kr. Gro\u00df-Gerau)<br \/>\nMichael Reuter (Stellv. Regionalvorsitzender\/Obernhof)<br \/>\nSusan Grimmette (Regionalkassenwartin, Darmstadt)<br \/>\nKurt-Michael He\u00df (Regionalschriftf\u00fchrer, Weiterstadt)<\/p>\n<p><strong><span style=\"text-decoration: underline;\">Internetseite des Re<\/span>g<span style=\"text-decoration: underline;\">ionalverbandes Starkenburg <\/span><\/strong><strong><span style=\"text-decoration: underline;\">:<\/span><\/strong><\/p>\n<p><a href=\"https:\/\/www.pro-bahn.de\/starkenburg\/\" target=\"_blank\" rel=\"noopener\">PRO BAHN Regionalverband Starkenburg im Internet<\/a><\/p>\n<p><strong><span style=\"text-decoration: underline;\">Gebietsk\u00f6rperschaften im PRO BAHN Re<\/span>g<span style=\"text-decoration: underline;\">ionalverband Starkenburg <\/span><\/strong><strong><span style=\"text-decoration: underline;\">:<\/span><\/strong><\/p>\n<p>&#8211; Wissenschaftsstadt Darmstadt (kreisfreie Stadt)<br \/>\n&#8211; Landkreis Gro\u00df-Gerau<br \/>\n&#8211; Stadt R\u00fcsselsheim (Sonderstatusstadt, kreisangeh\u00f6rig, eigener \u00d6PNV-Aufgabentr\u00e4ger)<br \/>\n&#8211; Landkreis Bergstra\u00dfe<br \/>\n&#8211; Odenwaldkreis<br \/>\n&#8211; Landkreis Darmstadt-Dieburg<br \/>\n&#8211; Landkreis Offenbach (teilweise), d.h. die Kommunen:<br \/>\n&#8211; Hainburg<br \/>\n&#8211; Mainhausen<br \/>\n&#8211; Seligenstadt<\/p>\n<div id=\"attachment_7771\" style=\"width: 310px\" class=\"wp-caption aligncenter\"><a href=\"https:\/\/pro-bahn-hessen.de\/wp-content\/uploads\/2021\/03\/20160319_145308-klein-500.jpg\"><img loading=\"lazy\" decoding=\"async\" aria-describedby=\"caption-attachment-7771\" class=\"size-medium wp-image-7771\" src=\"https:\/\/pro-bahn-hessen.de\/wp-content\/uploads\/2021\/03\/20160319_145308-klein-500-300x225.jpg\" alt=\"\" width=\"300\" height=\"225\" srcset=\"https:\/\/pro-bahn-hessen.de\/wp-content\/uploads\/2021\/03\/20160319_145308-klein-500-300x225.jpg 300w, https:\/\/pro-bahn-hessen.de\/wp-content\/uploads\/2021\/03\/20160319_145308-klein-500.jpg 500w\" sizes=\"(max-width: 300px) 100vw, 300px\" \/><\/a><p id=\"caption-attachment-7771\" class=\"wp-caption-text\">Eine Stra\u00dfenbahn vor dem Darmst\u00e4dter Hauptbahnhof<\/p><\/div>\n<p>&nbsp;<\/p>\n<p><img loading=\"lazy\" decoding=\"async\" class=\"alignleft size-full wp-image-9959\" src=\"https:\/\/pro-bahn-hessen.de\/wp-content\/uploads\/2025\/09\/Verwaltungskarte-Landkreise-Hessen-zusammengefuegt-2025-3-1-zugeschnitten-scaled.jpg\" alt=\"\" width=\"1485\" height=\"2560\" srcset=\"https:\/\/pro-bahn-hessen.de\/wp-content\/uploads\/2025\/09\/Verwaltungskarte-Landkreise-Hessen-zusammengefuegt-2025-3-1-zugeschnitten-scaled.jpg 1485w, https:\/\/pro-bahn-hessen.de\/wp-content\/uploads\/2025\/09\/Verwaltungskarte-Landkreise-Hessen-zusammengefuegt-2025-3-1-zugeschnitten-174x300.jpg 174w, https:\/\/pro-bahn-hessen.de\/wp-content\/uploads\/2025\/09\/Verwaltungskarte-Landkreise-Hessen-zusammengefuegt-2025-3-1-zugeschnitten-594x1024.jpg 594w, https:\/\/pro-bahn-hessen.de\/wp-content\/uploads\/2025\/09\/Verwaltungskarte-Landkreise-Hessen-zusammengefuegt-2025-3-1-zugeschnitten-768x1324.jpg 768w, https:\/\/pro-bahn-hessen.de\/wp-content\/uploads\/2025\/09\/Verwaltungskarte-Landkreise-Hessen-zusammengefuegt-2025-3-1-zugeschnitten-891x1536.jpg 891w, https:\/\/pro-bahn-hessen.de\/wp-content\/uploads\/2025\/09\/Verwaltungskarte-Landkreise-Hessen-zusammengefuegt-2025-3-1-zugeschnitten-1188x2048.jpg 1188w\" sizes=\"(max-width: 1485px) 100vw, 1485px\" \/><\/p>\n<p>&nbsp;<\/p>\n","protected":false},"excerpt":{"rendered":"<p>PRO BAHN Regionalverband Starkenburg e.V. Anschrift und Ansprechpartner f\u00fcr den PRO BAHN Regionalverband Starkenburg e.V.: H\u00fcgelstra\u00dfe 30 64569 Nauheim (bei Gro\u00df-Gerau) Tel. +49(0)6152 \/ 9279265 Mail: starkenburg@pro-bahn-hessen.de Der eingetragene Verein ist registriert beim Amtsgericht Darmstadt Ansprechpartner: Thomas Mroczek (Regionalvorsitzender\/Nauheim, Kr. &hellip; <a href=\"https:\/\/pro-bahn-hessen.de\/?page_id=58\">Weiterlesen <span class=\"meta-nav\">&rarr;<\/span><\/a><\/p>\n","protected":false},"author":1,"featured_media":0,"parent":0,"menu_order":5,"comment_status":"closed","ping_status":"open","template":"","meta":{"footnotes":""},"_links":{"self":[{"href":"https:\/\/pro-bahn-hessen.de\/index.php?rest_route=\/wp\/v2\/pages\/58"}],"collection":[{"href":"https:\/\/pro-bahn-hessen.de\/index.php?rest_route=\/wp\/v2\/pages"}],"about":[{"href":"https:\/\/pro-bahn-hessen.de\/index.php?rest_route=\/wp\/v2\/types\/page"}],"author":[{"embeddable":true,"href":"https:\/\/pro-bahn-hessen.de\/index.php?rest_route=\/wp\/v2\/users\/1"}],"replies":[{"embeddable":true,"href":"https:\/\/pro-bahn-hessen.de\/index.php?rest_route=%2Fwp%2Fv2%2Fcomments&post=58"}],"version-history":[{"count":58,"href":"https:\/\/pro-bahn-hessen.de\/index.php?rest_route=\/wp\/v2\/pages\/58\/revisions"}],"predecessor-version":[{"id":9967,"href":"https:\/\/pro-bahn-hessen.de\/index.php?rest_route=\/wp\/v2\/pages\/58\/revisions\/9967"}],"wp:attachment":[{"href":"https:\/\/pro-bahn-hessen.de\/index.php?rest_route=%2Fwp%2Fv2%2Fmedia&parent=58"}],"curies":[{"name":"wp","href":"https:\/\/api.w.org\/{rel}","templated":true}]}}