{"id":5901,"date":"2018-11-16T03:07:26","date_gmt":"2018-11-16T01:07:26","guid":{"rendered":"https:\/\/pro-bahn-hessen.de\/?page_id=5901"},"modified":"2023-12-31T17:07:29","modified_gmt":"2023-12-31T16:07:29","slug":"neubau-kasseler-kurve-gueterverkehr","status":"publish","type":"page","link":"https:\/\/pro-bahn-hessen.de\/?page_id=5901","title":{"rendered":"Neubau Kurve Kassel (G\u00fcterverkehr)"},"content":{"rendered":"<p>N\u00f6rdlich von Kassel wird zwischen den Hauptstrecken Kassel-Altenbeken-Paderborn und Kassel-Eichenberg-Halle\/G\u00f6ttingen eine neue eingleisige Querverbindung geplant, um in Zukunft G\u00fcterz\u00fcge zwischen dem Ruhrgebiet und dem Osten Deutschlands bzw. Polen in beiden Fahrtrichtungen die G\u00fcterz\u00fcge im Raum Kassel ohne Fahrtrichtungswechsel verkehren zu lassen. Bislang m\u00fcssen die Z\u00fcge im G\u00fcterbahnhof n\u00f6rdlich Kassel-Wilhelmsh\u00f6he und westlich Kassel Hbf. gelegen, die Richtung wechseln. Das ist mit viel Zeitaufwand verbunden. Es sollen auf der Bahnstrecken durch das Eichsfeld und Nordth\u00fcringen vermehrt G\u00fcterz\u00fcge fahren, um dem s\u00fcdlicher gelegenen Knoten Erfurt und dem n\u00f6rdlicher gelegenen Knoten Hannover auszuweichen. Dieses Einzelprojekt ist mit der Priotit\u00e4t &#8222;Vordringlicher Bedarf&#8220; Bestandteil des Bundesverkehrswegeplans 2030.<\/p>\n<p>Die Internetseite f\u00fcr das Projekt ist zu finden unter: <a href=\"https:\/\/www.kurve-kassel.de\/\">https:\/\/www.kurve-kassel.de\/<\/a><\/p>\n<p>Die Deutsche Bahn als Infrastrukturunternehmen des Bundes hat seit 2018 eine \u00d6ffentlichkeitsbeteiligung mit der Bezeichnung &#8222;Runder Tisch Kurve Kassel&#8220; eingerichtet und der Fahrgastverband PRO BAHN ist dort vertreten. <\/p>\n<p>PRO BAHN Ansprechpartner sind:<br \/>\n<strong>Ewald Biedenbach<\/strong><br \/>\n<strong>Ulrich Seng<\/strong><\/p>\n<p>Kontaktm\u00f6glichkeiten \u00fcber den PRO BAHN Regionalverband:<br \/>\nPRO BAHN Regionalverband Nordhessen<br \/>\nPostfach 41 02 34<br \/>\n34064 Kassel<br \/>\nMail: nordhessen(a)pro-bahn-hessen.de<br \/>\nTel.: +49(0)561\/5100 9234<\/p>\n","protected":false},"excerpt":{"rendered":"<p>N\u00f6rdlich von Kassel wird zwischen den Hauptstrecken Kassel-Altenbeken-Paderborn und Kassel-Eichenberg-Halle\/G\u00f6ttingen eine neue eingleisige Querverbindung geplant, um in Zukunft G\u00fcterz\u00fcge zwischen dem Ruhrgebiet und dem Osten Deutschlands bzw. Polen in beiden Fahrtrichtungen die G\u00fcterz\u00fcge im Raum Kassel ohne Fahrtrichtungswechsel verkehren zu &hellip; <a href=\"https:\/\/pro-bahn-hessen.de\/?page_id=5901\">Weiterlesen <span class=\"meta-nav\">&rarr;<\/span><\/a><\/p>\n","protected":false},"author":1,"featured_media":0,"parent":4053,"menu_order":12,"comment_status":"closed","ping_status":"closed","template":"","meta":{"footnotes":""},"_links":{"self":[{"href":"https:\/\/pro-bahn-hessen.de\/index.php?rest_route=\/wp\/v2\/pages\/5901"}],"collection":[{"href":"https:\/\/pro-bahn-hessen.de\/index.php?rest_route=\/wp\/v2\/pages"}],"about":[{"href":"https:\/\/pro-bahn-hessen.de\/index.php?rest_route=\/wp\/v2\/types\/page"}],"author":[{"embeddable":true,"href":"https:\/\/pro-bahn-hessen.de\/index.php?rest_route=\/wp\/v2\/users\/1"}],"replies":[{"embeddable":true,"href":"https:\/\/pro-bahn-hessen.de\/index.php?rest_route=%2Fwp%2Fv2%2Fcomments&post=5901"}],"version-history":[{"count":5,"href":"https:\/\/pro-bahn-hessen.de\/index.php?rest_route=\/wp\/v2\/pages\/5901\/revisions"}],"predecessor-version":[{"id":9220,"href":"https:\/\/pro-bahn-hessen.de\/index.php?rest_route=\/wp\/v2\/pages\/5901\/revisions\/9220"}],"up":[{"embeddable":true,"href":"https:\/\/pro-bahn-hessen.de\/index.php?rest_route=\/wp\/v2\/pages\/4053"}],"wp:attachment":[{"href":"https:\/\/pro-bahn-hessen.de\/index.php?rest_route=%2Fwp%2Fv2%2Fmedia&parent=5901"}],"curies":[{"name":"wp","href":"https:\/\/api.w.org\/{rel}","templated":true}]}}