{"id":6079,"date":"2019-01-04T03:08:21","date_gmt":"2019-01-04T01:08:21","guid":{"rendered":"https:\/\/pro-bahn-hessen.de\/?page_id=6079"},"modified":"2025-11-02T12:39:47","modified_gmt":"2025-11-02T11:39:47","slug":"bahnknoten-frankfurt-und-fernbahntunnel","status":"publish","type":"page","link":"https:\/\/pro-bahn-hessen.de\/?page_id=6079","title":{"rendered":"Fernbahntunnel und Bahnknoten Frankfurt"},"content":{"rendered":"<p>F\u00fcr das Gro\u00dfprojekt Fernbahntunnel Frankfurt und Ausbau des Bahnknotens in und um den Hauptbahnhof wurde ab Ende 2023 ein eigenes Dialogforum eingesetzt, f\u00fcr welches wir zwei Vertreter entsenden:<\/p>\n<p>&#8211; f\u00fcr den PRO BAHN Landesverband Hessen<br \/>\n<strong>Thomas Kraft<\/strong><br \/>\nthomas.kraft(a)pro-bahn-hessen.de<\/p>\n<p><strong>Bernd Rohrmann<\/strong><br \/>\nbernd.rohrmann(a)pro-bahn-hessen.de<\/p>\n<p><strong>a) Fernbahntunnel Frankfurt am Main<\/strong><\/p>\n<p>Die wohl gr\u00f6\u00dfte technische Herausforderung f\u00fcr den Eisenbahnverkehr des 21. Jahrhunderts in Hessen d\u00fcrfte tief unter der Mainmetropole Frankfurt am Main liegen. In einer 1. \u00c4nderung der Priorisierung im Bundesverkehrswegeplan 2030 wurde zum 06.11.2018 f\u00fcr die Ert\u00fcchtigung des Bahnknotens Frankfurt am Main mit dem heutigen Kopfbahnhof, der Bau eines Fernbahntunnels f\u00fcr die Summe von 3,6 Mrd. Euro aufgenommen. Seit dem 26.08.2019 l\u00e4uft nun eine Machbarkeitsstudie, damit eventuell Klarheit herrscht, ob solch ein Projekt unter realistischen Umst\u00e4nden verwirklicht werden k\u00f6nnte.<\/p>\n<p>Die Deutsche Bahn als Infrastrukturbetreiber weist bislang an folgender Stelle im Internet auf dieses Projekt hin:<br \/>\n<a href=\"https:\/\/www.deutschebahn.com\/pr-frankfurt-de\/Gemeinsam-fuer-eine-starke-Schiene-in-Frankfurt-und-Rhein-Main-Startschuss-fuer-Machbarkeitsstudie-zum-Fernbahntunnel-4422340\" target=\"_blank\" rel=\"noopener noreferrer\">Machbarkeitsstudie Fernbahntunnel Frankfurt <\/a><\/p>\n<p>Der PRO BAHN Landesverband Hessen und der PRO BAHN Regionalverband Gro\u00dfraum Frankfurt haben sich noch keine Meinung f\u00fcr oder gegen das Gro\u00dfprojekt gebildet. Man m\u00f6chte erstmal die Machbarkeitsstudie abwarten, welche im Fr\u00fchling 2021 vorliegen soll.<\/p>\n<p><strong>Umbau Frankfurt(Main)-Stadion (Frankfurt-Sportfeld)<\/strong><\/p>\n<p>Aus Richtung Flughafen\/Schnellfahrstrecke K\u00f6ln-Rhein\/Main sowie aus Richtung Mannheim stellt der Bereich des Bahnhofs &#8222;Frankfurt(Main)-Stadion&#8220;, fr\u00fcher auch &#8222;Frankfurt-Sportfeld&#8220; genannt, den ersten Engpass bei der Einfahrt in die Gro\u00dfstadt dar. Daher ist geplant, zwei zus\u00e4tzliche Gleise als Verbindung zum Frankfurter Hauptbahnhof zu errichten, zudem mehrere \u00dcberwurfbauwerke, um k\u00fcnftig mit h\u00f6herer Geschwindigkeit mit dem ICE ein- und ausfahren zu k\u00f6nnen und den Fernverkehr vom Regionalverkehr zu trennen. Auch hier ist man \u00fcber die ersten Phasen noch nicht raus. Es gibt hierzu zwei Fundstellen im Internet von der Deutschen Bahn und von Frankfurt-Rhein\/Main-Plus:<\/p>\n<p><a href=\"https:\/\/bauprojekte.deutschebahn.com\/p\/frankfurt-m-stadion\" target=\"_blank\" rel=\"noopener noreferrer\">https:\/\/bauprojekte.deutschebahn.com\/p\/frankfurt-m-stadion<\/a><\/p>\n<p><a href=\"https:\/\/www.frmplus.de\/projekte\/knoten-frankfurt-stadion.html\" target=\"_blank\" rel=\"noopener noreferrer\">https:\/\/www.frmplus.de\/projekte\/knoten-frankfurt-stadion.html<\/a><\/p>\n","protected":false},"excerpt":{"rendered":"<p>F\u00fcr das Gro\u00dfprojekt Fernbahntunnel Frankfurt und Ausbau des Bahnknotens in und um den Hauptbahnhof wurde ab Ende 2023 ein eigenes Dialogforum eingesetzt, f\u00fcr welches wir zwei Vertreter entsenden: &#8211; f\u00fcr den PRO BAHN Landesverband Hessen Thomas Kraft thomas.kraft(a)pro-bahn-hessen.de Bernd Rohrmann &hellip; <a href=\"https:\/\/pro-bahn-hessen.de\/?page_id=6079\">Weiterlesen <span class=\"meta-nav\">&rarr;<\/span><\/a><\/p>\n","protected":false},"author":1,"featured_media":0,"parent":4053,"menu_order":5,"comment_status":"closed","ping_status":"closed","template":"","meta":{"footnotes":""},"_links":{"self":[{"href":"https:\/\/pro-bahn-hessen.de\/index.php?rest_route=\/wp\/v2\/pages\/6079"}],"collection":[{"href":"https:\/\/pro-bahn-hessen.de\/index.php?rest_route=\/wp\/v2\/pages"}],"about":[{"href":"https:\/\/pro-bahn-hessen.de\/index.php?rest_route=\/wp\/v2\/types\/page"}],"author":[{"embeddable":true,"href":"https:\/\/pro-bahn-hessen.de\/index.php?rest_route=\/wp\/v2\/users\/1"}],"replies":[{"embeddable":true,"href":"https:\/\/pro-bahn-hessen.de\/index.php?rest_route=%2Fwp%2Fv2%2Fcomments&post=6079"}],"version-history":[{"count":5,"href":"https:\/\/pro-bahn-hessen.de\/index.php?rest_route=\/wp\/v2\/pages\/6079\/revisions"}],"predecessor-version":[{"id":10028,"href":"https:\/\/pro-bahn-hessen.de\/index.php?rest_route=\/wp\/v2\/pages\/6079\/revisions\/10028"}],"up":[{"embeddable":true,"href":"https:\/\/pro-bahn-hessen.de\/index.php?rest_route=\/wp\/v2\/pages\/4053"}],"wp:attachment":[{"href":"https:\/\/pro-bahn-hessen.de\/index.php?rest_route=%2Fwp%2Fv2%2Fmedia&parent=6079"}],"curies":[{"name":"wp","href":"https:\/\/api.w.org\/{rel}","templated":true}]}}