{"id":6161,"date":"2019-01-22T05:35:13","date_gmt":"2019-01-22T03:35:13","guid":{"rendered":"https:\/\/pro-bahn-hessen.de\/?page_id=6161"},"modified":"2023-11-12T08:16:40","modified_gmt":"2023-11-12T07:16:40","slug":"links-von-pro-bahn","status":"publish","type":"page","link":"https:\/\/pro-bahn-hessen.de\/?page_id=6161","title":{"rendered":"PRO BAHN au\u00dferhalb Hessens"},"content":{"rendered":"<p><strong>Die Verkn\u00fcpfungen\/Verlinkungen mit den Internetseiten der hessischen Regionalverb\u00e4nde befinden sich an anderer Stelle auf pro-bahn-hessen.de.<\/strong><\/p>\n<p>&#8212;&#8212;&#8212;&#8212;&#8212;&#8212;&#8212;&#8212;&#8212;&#8212;&#8212;&#8212;&#8212;&#8212;&#8212;&#8212;&#8212;&#8212;&#8212;&#8212;&#8212;&#8212;&#8212;&#8212;&#8212;&#8212;&#8212;&#8212;&#8212;&#8212;&#8212;&#8212;&#8212;&#8212;&#8212;-<\/p>\n<p><strong>Internetseiten \u00fcber die insgesamt 11 Landesverb\u00e4nde des Fahrgastverbandes PRO BAHN<\/strong><\/p>\n<p>Informationen \u00fcber die anderen 10 Landesverb\u00e4nde des Fahrgastverbandes PRO BAHN in Deutschland, der \u00fcberwiegende Teil hat auch Regionalverb\u00e4nde, Hinweise hier\u00fcber, einschlie\u00dflich der Kontaktdaten, sie sind auf der Seite des Bundesverbandes zu finden.<\/p>\n<p><em><a href=\"https:\/\/www.pro-bahn.de\/adressen\/land.html\" target=\"_blank\" rel=\"noopener\">Seiten anderer Landesverb\u00e4nde \u00fcber die Internetseite des Bundesverbandes<\/a><\/em><\/p>\n<p>&#8212;&#8212;&#8212;&#8212;&#8212;&#8212;&#8212;&#8212;&#8212;&#8212;&#8212;&#8212;&#8212;&#8212;&#8212;&#8212;&#8212;&#8212;&#8212;&#8212;&#8212;&#8212;&#8212;&#8212;&#8212;&#8212;&#8212;&#8212;&#8212;&#8212;&#8212;&#8212;&#8212;&#8212;&#8212;-<\/p>\n<p><strong>Informationen \u00fcber den Bundesverband &#8211; Fahrgastverband PRO BAHN e.V.:<\/strong><\/p>\n<p>Informationen \u00fcber den Bundesverband des Fahrgastverbandes PRO BAHN insgesamt sind zu finden unter: <\/p>\n<p><em><a href=\"https:\/\/www.pro-bahn.de\/index.php\" target=\"_blank\" rel=\"noopener\">Link und Weg zur Internetseite des PRO BAHN Bundesverbandes<\/a><\/em><\/p>\n<p><strong>Anschrift des Bundesverbandes des Fahrgastverbandes PRO BAHN:<\/strong><br \/>\nFahrgastverband PRO BAHN e.V.<br \/>\nBundesverband<br \/>\nAgnes-Bernauer-Platz 8<br \/>\n80687 M\u00fcnchen<br \/>\nTel.: +49 (0)89 530031<\/p>\n<p>&#8212;&#8212;&#8212;&#8212;&#8212;&#8212;&#8212;&#8212;&#8212;&#8212;&#8212;&#8212;&#8212;&#8212;&#8212;&#8212;&#8212;&#8212;&#8212;&#8212;&#8212;&#8212;&#8212;&#8212;&#8212;&#8212;&#8212;&#8212;&#8212;&#8212;&#8212;&#8212;&#8212;&#8212;&#8212;-<\/p>\n<p><strong>rechtlicher Hinweis:<\/strong><\/p>\n<p>Der Bundesverband ist ein eigenst\u00e4ndiger eingetragener Verein, damit eine eigene Rechtsperson (juristische Person) im Sinne des B\u00fcrgerlichen Gesetzbuchs (BGB). Dies gilt auch f\u00fcr die elf Landesverbande. Damit tragen alle f\u00fcr ihre Aktivit\u00e4ten einschlie\u00dflich der Inhalte ihrer Internetseiten die eigenst\u00e4ndige Verantwortung.\u00a0 \u00a0 \u00a0 \u00a0 \u00a0 \u00a0 \u00a0 \u00a0 \u00a0 \u00a0 \u00a0 \u00a0 \u00a0 \u00a0 \u00a0 \u00a0 \u00a0 \u00a0 \u00a0 \u00a0 \u00a0 \u00a0 \u00a0<br \/>\nDer PRO BAHN Landesverband Hessen ist auch komplett eigenst\u00e4ndig, f\u00fcr seine Inhalte im Internet und seine Aktivit\u00e4ten komplett selbst verantwortlich. Er steht auch in keinem funktions- und institutionsbezogenen Abh\u00e4ngigkeitsverh\u00e4ltnis gegen\u00fcber den Bundesverband.<\/p>\n<p>&nbsp;<\/p>\n<p>&nbsp;<\/p>\n","protected":false},"excerpt":{"rendered":"<p>Die Verkn\u00fcpfungen\/Verlinkungen mit den Internetseiten der hessischen Regionalverb\u00e4nde befinden sich an anderer Stelle auf pro-bahn-hessen.de. &#8212;&#8212;&#8212;&#8212;&#8212;&#8212;&#8212;&#8212;&#8212;&#8212;&#8212;&#8212;&#8212;&#8212;&#8212;&#8212;&#8212;&#8212;&#8212;&#8212;&#8212;&#8212;&#8212;&#8212;&#8212;&#8212;&#8212;&#8212;&#8212;&#8212;&#8212;&#8212;&#8212;&#8212;&#8212;- Internetseiten \u00fcber die insgesamt 11 Landesverb\u00e4nde des Fahrgastverbandes PRO BAHN Informationen \u00fcber die anderen 10 Landesverb\u00e4nde des Fahrgastverbandes PRO BAHN in Deutschland, der \u00fcberwiegende &hellip; <a href=\"https:\/\/pro-bahn-hessen.de\/?page_id=6161\">Weiterlesen <span class=\"meta-nav\">&rarr;<\/span><\/a><\/p>\n","protected":false},"author":4,"featured_media":0,"parent":237,"menu_order":8,"comment_status":"closed","ping_status":"closed","template":"","meta":{"footnotes":""},"_links":{"self":[{"href":"https:\/\/pro-bahn-hessen.de\/index.php?rest_route=\/wp\/v2\/pages\/6161"}],"collection":[{"href":"https:\/\/pro-bahn-hessen.de\/index.php?rest_route=\/wp\/v2\/pages"}],"about":[{"href":"https:\/\/pro-bahn-hessen.de\/index.php?rest_route=\/wp\/v2\/types\/page"}],"author":[{"embeddable":true,"href":"https:\/\/pro-bahn-hessen.de\/index.php?rest_route=\/wp\/v2\/users\/4"}],"replies":[{"embeddable":true,"href":"https:\/\/pro-bahn-hessen.de\/index.php?rest_route=%2Fwp%2Fv2%2Fcomments&post=6161"}],"version-history":[{"count":23,"href":"https:\/\/pro-bahn-hessen.de\/index.php?rest_route=\/wp\/v2\/pages\/6161\/revisions"}],"predecessor-version":[{"id":9007,"href":"https:\/\/pro-bahn-hessen.de\/index.php?rest_route=\/wp\/v2\/pages\/6161\/revisions\/9007"}],"up":[{"embeddable":true,"href":"https:\/\/pro-bahn-hessen.de\/index.php?rest_route=\/wp\/v2\/pages\/237"}],"wp:attachment":[{"href":"https:\/\/pro-bahn-hessen.de\/index.php?rest_route=%2Fwp%2Fv2%2Fmedia&parent=6161"}],"curies":[{"name":"wp","href":"https:\/\/api.w.org\/{rel}","templated":true}]}}