{"id":7,"date":"2013-03-09T18:46:04","date_gmt":"2013-03-09T16:46:04","guid":{"rendered":"http:\/\/www.spd21.de\/wordpress\/?page_id=7"},"modified":"2025-09-29T14:31:12","modified_gmt":"2025-09-29T12:31:12","slug":"regionalverbande","status":"publish","type":"page","link":"https:\/\/pro-bahn-hessen.de\/?page_id=7","title":{"rendered":"Regionenvereinigung Nordhessen-Osthessen-Mittelhessen"},"content":{"rendered":"<p><strong><span style=\"text-decoration: underline;\"><span style=\"text-decoration: underline;\">PRO BAHN Regionenvereinigung Nordhessen-Osthessen-Mittelhessen e.V.<\/span><\/span><\/strong><\/p>\n<p><a href=\"https:\/\/pro-bahn-hessen.de\/?page_id=44\" target=\"_blank\" rel=\"noopener\">PRO BAHN Regionalverband Nordhessen<\/a><br \/>\n<a href=\"https:\/\/pro-bahn-hessen.de\/?page_id=47\" target=\"_blank\" rel=\"noopener\">PRO BAHN Regionalverband Osthessen<\/a><br \/>\n<a href=\"https:\/\/pro-bahn-hessen.de\/?page_id=51\" target=\"_blank\" rel=\"noopener\">PRO BAHN Regionalverband Mittelhessen<\/a><\/p>\n<p><img loading=\"lazy\" decoding=\"async\" class=\"alignleft size-full wp-image-9959\" src=\"https:\/\/pro-bahn-hessen.de\/wp-content\/uploads\/2025\/09\/Verwaltungskarte-Landkreise-Hessen-zusammengefuegt-2025-3-1-zugeschnitten-scaled.jpg\" alt=\"\" width=\"1485\" height=\"2560\" srcset=\"https:\/\/pro-bahn-hessen.de\/wp-content\/uploads\/2025\/09\/Verwaltungskarte-Landkreise-Hessen-zusammengefuegt-2025-3-1-zugeschnitten-scaled.jpg 1485w, https:\/\/pro-bahn-hessen.de\/wp-content\/uploads\/2025\/09\/Verwaltungskarte-Landkreise-Hessen-zusammengefuegt-2025-3-1-zugeschnitten-174x300.jpg 174w, https:\/\/pro-bahn-hessen.de\/wp-content\/uploads\/2025\/09\/Verwaltungskarte-Landkreise-Hessen-zusammengefuegt-2025-3-1-zugeschnitten-594x1024.jpg 594w, https:\/\/pro-bahn-hessen.de\/wp-content\/uploads\/2025\/09\/Verwaltungskarte-Landkreise-Hessen-zusammengefuegt-2025-3-1-zugeschnitten-768x1324.jpg 768w, https:\/\/pro-bahn-hessen.de\/wp-content\/uploads\/2025\/09\/Verwaltungskarte-Landkreise-Hessen-zusammengefuegt-2025-3-1-zugeschnitten-891x1536.jpg 891w, https:\/\/pro-bahn-hessen.de\/wp-content\/uploads\/2025\/09\/Verwaltungskarte-Landkreise-Hessen-zusammengefuegt-2025-3-1-zugeschnitten-1188x2048.jpg 1188w\" sizes=\"(max-width: 1485px) 100vw, 1485px\" \/><\/p>\n<p>Die Regionalverb\u00e4nde Nordhessen, Osthessen und Mittelhessen sind keine eingetragenen Vereine nach dem B\u00fcrgerlichen Gesetzbuch und bilden von der Mitgliederst\u00e4rke die kleineren Organisationseinheiten in Hessen. Deshalb hat man sich entschlossen, einen gemeinsamen eingetragenen Verein zu gr\u00fcnden. Dennoch soll die Abbildung von PRO BAHN in allen Regionen in Hessen als jeweils aktive Einheit erhalten bleiben. Die Arbeit in den drei Regionalverb\u00e4nden kann sich sehen lassen, es gibt regelm\u00e4\u00dfige Regionaltreffen, Infost\u00e4nde und \u00e4hnliches.<\/p>\n<p><strong><span style=\"text-decoration: underline;\">PRO BAHN Re<\/span>g<span style=\"text-decoration: underline;\">ionenvereini<\/span>g<span style=\"text-decoration: underline;\">un<\/span>g<span style=\"text-decoration: underline;\"> NOM &#8222;Nordhessen-Osthessen-Mittelhessen&#8220; e.V.<\/span><\/strong><br \/>\n(Organisationseinheit f\u00fcr die Regionalverb\u00e4nde Nordhessen, Osthessen und Mittelhessen)<br \/>\nBahnhofstra\u00dfe 10<br \/>\n35457 Lollar<br \/>\nnom@pro-bahn-hessen.de<br \/>\nTel.: +49(0)6406 8373997<br \/>\nFax: +49(0)6441 8708996<\/p>\n<p>Der eingetragene Verein ist registriert beim Amtsgericht <strong>Gie\u00dfen<\/strong><\/p>\n<p><strong>Regionalvertreter\/innen in den Regionelverb\u00e4nden<\/strong><\/p>\n<p><strong><span style=\"text-decoration: underline;\">a) Re<\/span>g<span style=\"text-decoration: underline;\">ionalverband Nordhessen<\/span><\/strong><br \/>\nPostfach 41 02 34<br \/>\n34064 Kassel<br \/>\nnordhessen(a)pro-bahn-hessen.de<br \/>\nTel.: +49(0)561 51009234<br \/>\n<em>regionaler Kontakt: Ewald Biedenbach und Ulrich Seng<\/em><\/p>\n<p><strong><span style=\"text-decoration: underline;\">b) Re<\/span>g<span style=\"text-decoration: underline;\">ionalverband Osthessen<\/span><\/strong><br \/>\nBaumgartenweg 12<br \/>\n36341 Lauterbach (Hessen)<br \/>\nosthessen(a)pro-bahn-hessen.de<br \/>\nTel.: +49(0)6641 2911<br \/>\nFax: +49(0)6641 910672<br \/>\n<em>regionaler Kontakt: Werner und Barbara Filzinger<\/em><\/p>\n<p><strong><span style=\"text-decoration: underline;\">c) Re<\/span>g<span style=\"text-decoration: underline;\">ionalverband Mittelhessen<\/span><\/strong><br \/>\nBahnhofstra\u00dfe 10<br \/>\n35457 Lollar<br \/>\nmittelhessen(a)pro-bahn-hessen.de<br \/>\nTel.: +49(0)66406 8373997<br \/>\nFax: +49(0)6441 8708996<br \/>\n<em>regionaler Kontakt: Thomas Kraft und Lars M\u00f6bius<\/em><\/p>\n","protected":false},"excerpt":{"rendered":"<p>PRO BAHN Regionenvereinigung Nordhessen-Osthessen-Mittelhessen e.V. PRO BAHN Regionalverband Nordhessen PRO BAHN Regionalverband Osthessen PRO BAHN Regionalverband Mittelhessen Die Regionalverb\u00e4nde Nordhessen, Osthessen und Mittelhessen sind keine eingetragenen Vereine nach dem B\u00fcrgerlichen Gesetzbuch und bilden von der Mitgliederst\u00e4rke die kleineren Organisationseinheiten in &hellip; <a href=\"https:\/\/pro-bahn-hessen.de\/?page_id=7\">Weiterlesen <span class=\"meta-nav\">&rarr;<\/span><\/a><\/p>\n","protected":false},"author":1,"featured_media":0,"parent":0,"menu_order":3,"comment_status":"closed","ping_status":"open","template":"","meta":{"footnotes":""},"_links":{"self":[{"href":"https:\/\/pro-bahn-hessen.de\/index.php?rest_route=\/wp\/v2\/pages\/7"}],"collection":[{"href":"https:\/\/pro-bahn-hessen.de\/index.php?rest_route=\/wp\/v2\/pages"}],"about":[{"href":"https:\/\/pro-bahn-hessen.de\/index.php?rest_route=\/wp\/v2\/types\/page"}],"author":[{"embeddable":true,"href":"https:\/\/pro-bahn-hessen.de\/index.php?rest_route=\/wp\/v2\/users\/1"}],"replies":[{"embeddable":true,"href":"https:\/\/pro-bahn-hessen.de\/index.php?rest_route=%2Fwp%2Fv2%2Fcomments&post=7"}],"version-history":[{"count":61,"href":"https:\/\/pro-bahn-hessen.de\/index.php?rest_route=\/wp\/v2\/pages\/7\/revisions"}],"predecessor-version":[{"id":9963,"href":"https:\/\/pro-bahn-hessen.de\/index.php?rest_route=\/wp\/v2\/pages\/7\/revisions\/9963"}],"wp:attachment":[{"href":"https:\/\/pro-bahn-hessen.de\/index.php?rest_route=%2Fwp%2Fv2%2Fmedia&parent=7"}],"curies":[{"name":"wp","href":"https:\/\/api.w.org\/{rel}","templated":true}]}}