{"id":7113,"date":"2020-04-05T02:38:54","date_gmt":"2020-04-05T00:38:54","guid":{"rendered":"https:\/\/pro-bahn-hessen.de\/?page_id=7113"},"modified":"2025-07-28T18:07:38","modified_gmt":"2025-07-28T16:07:38","slug":"pressekontakt-2","status":"publish","type":"page","link":"https:\/\/pro-bahn-hessen.de\/?page_id=7113","title":{"rendered":"Pressekontakt"},"content":{"rendered":"<p><strong>Sie erreichen PRO BAHN Hessen e.V. auch zentral <\/strong><\/p>\n<p>Tel. +49(0)69 244372266<br \/>\nFax: +49(0)69 90019793<\/p>\n<p><strong>presse@pro-bahn-hessen.de<\/strong><\/p>\n<p>Eine Faxnachricht kommt als E-Mail-Anhang bei den Verantwortlichen an.<\/p>\n<p>F\u00fcr die Vertreterinnen und Vertreter von Presse und Medien stehen folgende weiter unten genannte Funktionstr\u00e4ger als <em><strong>Pressereferenten<\/strong><\/em> zur Verf\u00fcgung.<\/p>\n<p><strong>A) Erreichbarkeit tags\u00fcber f\u00fcr unmittelbare Medienanfragen f\u00fcr TV, Radio, Intenet<\/strong><\/p>\n<p><em><strong>Klaus Zecher<\/strong><\/em><br \/>\n+49(0)160 97456292<\/p>\n<p><em><strong>Bernd Rohrmann<\/strong> <\/em><br \/>\n+49(0)170 6116562<\/p>\n<p><strong>B) gesamte Liste der Pressereferenten des PRO BAHN Landesverbandes Hessen<br \/>\nVorrangige Erreichbarkeit &#8211; 17:00 Uhr bis 19:00 Uhr<\/strong><\/p>\n<p>Bitte beachten Sie, dass die Funktionstr\u00e4ger\/innen im Alltag auch beruflichen und anderen pers\u00f6nlichen Aufgaben nachgehen. Von daher kann es sein, dass auch mal ein Gespr\u00e4ch nicht angenommen werden kann. Sollte Ihr Gespr\u00e4ch nicht entgegen genommen werden k\u00f6nnen, dann sprechen Sie bei den Mobilnummern auf deren Mailbox oder rufen Sie die Festnetznummer an und sprechen dort auf den Anrufbeantworter. Wir rufen dann alsbald zur\u00fcck.<\/p>\n<p><strong> Landespolitik \/ landesweite Themen \/ Verkehrsverb\u00fcnde RMV+NVV<\/strong><br \/>\nsowie<strong> Regionen Mittelhessen und Nordhessen <\/strong>,auch sofern zeitlich m\u00f6glich als <strong>&#8222;Vor-Ort-Interviews&#8220;<\/strong><br \/>\n<em><strong>Thomas Kraft<\/strong><\/em><br \/>\n+49(0)170 4412394<\/p>\n<p><strong>Regionen Nordhessen und Mittelhessen <\/strong>,auch sofern zeitlich m\u00f6glich als <strong>&#8222;Vor-Ort-Interviews&#8220;<\/strong><br \/>\n<em><strong>Klaus Zecher<\/strong><\/em><br \/>\n+49(0)160\u00a0 97456292<\/p>\n<p><strong>Region Osthessen, <\/strong>auch sofern zeitlich m\u00f6glichals <strong>&#8222;Vor-Ort-Interviews&#8220;<\/strong><br \/>\n<em><strong>Werner Filzinger<\/strong><\/em><br \/>\n+49(0)171\u00a0 3661713<\/p>\n<p><strong>Gro\u00dfraum Frankfurt<\/strong> ,auch sofern zeitlich m\u00f6glich als <strong>&#8222;Vor-Ort-Interviews&#8220;<\/strong><br \/>\n<em><strong>Dr. Barbara Grassel<\/strong><\/em><br \/>\n+49(0)6192\u00a0 22770<\/p>\n<p><strong>landesweite Themen \/ Region S\u00fcdhessen \/ Verkehrsverbund VRN, <\/strong>auch sofern zeitlich m\u00f6glich als <strong>&#8222;Vor-Ort-Interviews&#8220;<\/strong><br \/>\n<em><strong>Bernd Rohrmann<\/strong> <\/em><br \/>\n+49(0)170\u00a0 6116562<\/p>\n","protected":false},"excerpt":{"rendered":"<p>Sie erreichen PRO BAHN Hessen e.V. auch zentral Tel. +49(0)69 244372266 Fax: +49(0)69 90019793 presse@pro-bahn-hessen.de Eine Faxnachricht kommt als E-Mail-Anhang bei den Verantwortlichen an. F\u00fcr die Vertreterinnen und Vertreter von Presse und Medien stehen folgende weiter unten genannte Funktionstr\u00e4ger als &hellip; <a href=\"https:\/\/pro-bahn-hessen.de\/?page_id=7113\">Weiterlesen <span class=\"meta-nav\">&rarr;<\/span><\/a><\/p>\n","protected":false},"author":1,"featured_media":0,"parent":1361,"menu_order":1,"comment_status":"closed","ping_status":"closed","template":"","meta":{"footnotes":""},"_links":{"self":[{"href":"https:\/\/pro-bahn-hessen.de\/index.php?rest_route=\/wp\/v2\/pages\/7113"}],"collection":[{"href":"https:\/\/pro-bahn-hessen.de\/index.php?rest_route=\/wp\/v2\/pages"}],"about":[{"href":"https:\/\/pro-bahn-hessen.de\/index.php?rest_route=\/wp\/v2\/types\/page"}],"author":[{"embeddable":true,"href":"https:\/\/pro-bahn-hessen.de\/index.php?rest_route=\/wp\/v2\/users\/1"}],"replies":[{"embeddable":true,"href":"https:\/\/pro-bahn-hessen.de\/index.php?rest_route=%2Fwp%2Fv2%2Fcomments&post=7113"}],"version-history":[{"count":21,"href":"https:\/\/pro-bahn-hessen.de\/index.php?rest_route=\/wp\/v2\/pages\/7113\/revisions"}],"predecessor-version":[{"id":9909,"href":"https:\/\/pro-bahn-hessen.de\/index.php?rest_route=\/wp\/v2\/pages\/7113\/revisions\/9909"}],"up":[{"embeddable":true,"href":"https:\/\/pro-bahn-hessen.de\/index.php?rest_route=\/wp\/v2\/pages\/1361"}],"wp:attachment":[{"href":"https:\/\/pro-bahn-hessen.de\/index.php?rest_route=%2Fwp%2Fv2%2Fmedia&parent=7113"}],"curies":[{"name":"wp","href":"https:\/\/api.w.org\/{rel}","templated":true}]}}