{"id":7700,"date":"2021-02-18T13:49:31","date_gmt":"2021-02-18T12:49:31","guid":{"rendered":"https:\/\/pro-bahn-hessen.de\/?page_id=7700"},"modified":"2022-09-16T18:07:48","modified_gmt":"2022-09-16T16:07:48","slug":"datenschutzerklaerung-2","status":"publish","type":"page","link":"https:\/\/pro-bahn-hessen.de\/?page_id=7700","title":{"rendered":"Datenschutzerkl\u00e4rung"},"content":{"rendered":"<div class=\"entry-content\">\n<p>Wir verweisen an dieser Stelle auf die Datenschutzordnung des PRO BAHN Landesverbandes Hessen und die dazugeh\u00f6rigen Anlagen, insbesondere auf die Anlage 4 (externes Auskunftsverlangen) und die Anlage 5 (Datenschutzerkl\u00e4rung f\u00fcr Internetseiten). Diese Informationen sind in den folgenden Dateien einsehbar:<\/p>\n<p><strong><a href=\"https:\/\/pro-bahn-hessen.de\/wp-content\/uploads\/2022\/09\/Anlage-0-Landes-Datenschutzordnung-2022-05-11.pdf\">Datenschutzordnung des PRO BAHN Landesverbandes Hessen &#8211; 11.05.2020<\/a><\/strong><\/p>\n<p><strong><a href=\"https:\/\/pro-bahn-hessen.de\/wp-content\/uploads\/2022\/09\/Anlage-1-Merkblatt-Vertraulichkeit-2020-05-11.pdf\">Anlage 1 &#8211; Merkblatt &#8211; Vertraulichkeit &#8211; 11.05.2020<\/a><\/strong><\/p>\n<p><strong><a href=\"https:\/\/pro-bahn-hessen.de\/wp-content\/uploads\/2022\/09\/Anlage-2-Einverstaendniserklaerung-2020-05-11.pdf\">Anlage 2 &#8211; Einverst\u00e4ndniserkl\u00e4rung von beauftragten Personen der Gliederungen des Verbandes &#8211; 11.05.2020<\/a><\/strong><\/p>\n<p><strong><a href=\"https:\/\/pro-bahn-hessen.de\/wp-content\/uploads\/2022\/09\/Anlage-3-Mitgliederinfo-2022-09-16.pdf\">Anlage 3 &#8211; Mitgliederinfo &#8211; Information f\u00fcr Mitglieder von PRO BAHN Hessen &#8211; 16.09.2022<\/a><\/strong><\/p>\n<p><strong><a href=\"https:\/\/pro-bahn-hessen.de\/wp-content\/uploads\/2022\/09\/Anlage-4-externes-Auskunftsverlangen-2022-09-16.pdf\">Anlage 4 &#8211; Datenschutz bei externes Auskunftsverlangen &#8211; 16.09.2022<\/a><\/strong><\/p>\n<p><strong><a href=\"https:\/\/pro-bahn-hessen.de\/wp-content\/uploads\/2022\/09\/Anlage-5-Datenschutzerklaerung-fuer-Internetseiten-2022-09-16.pdf\">Anlage 5 &#8211; Datenschutzerkl\u00e4rung f\u00fcr Internetseiten &#8211; 16.09.2022<\/a><\/strong><\/p>\n<p><strong><a href=\"https:\/\/pro-bahn-hessen.de\/wp-content\/uploads\/2022\/09\/Anlage-6-Anschriftenverzeichnis-2022-09-16.pdf\">Anlage 6 &#8211; Anschriftenverzeichnis der Datenschutzbeh\u00f6rden &#8211; 16.09.2022<\/a><\/strong><\/p>\n<p>Die Anlage 5 (Datenschutzerkl\u00e4rung) bilden wir hiermit auch als Text direkt auf der Internetseite ab:<\/p>\n<p><strong>I.) Allgemeine Datenschutzerkl\u00e4rung <\/strong><\/p>\n<p><strong>Stand: 16.09.2022<\/strong><\/p>\n<p><strong>1.1. Allgemeines <\/strong><\/p>\n<p>Der PRO BAHN Landesverband Hessen e.V. (im Weiteren auch \u201eVerband\u201c oder Landesverband) genannt, nimmt mit seinen Verbandsstufen den Schutz von pers\u00f6nlichen Daten sehr ernst. In gleicher Weise nehmen dies die PRO BAHN Regionalgliederungen in Hessen. Es soll informiert werden, welche Daten gespeichert werden und diese durch den Verband verwendet finden. Als gemeinn\u00fctziger Verein verpflichtet sich der Verband die Bestimmungen der europ\u00e4ischen Datenschutzgrundverordnung (DSGVO), des Bundesdaten-schutzgesetzes (BDSG) sowie des Telemediengesetzes (TMG) einzuhalten.<\/p>\n<p>Im Zuge der Weiterentwicklung unserer Internetseiten und der Implementierung neuer Technologien k\u00f6nnen auch \u00c4nderungen dieser Datenschutzerkl\u00e4rung erforderlich werden. Daher wird empfohlen, diese Datenschutzerkl\u00e4rung ab und zu erneut durchzulesen.<br \/>\nPersonenbezogene Daten (z.B. Anrede, Name, Anschrift, E-Mail-Adresse, Telefonnummer) werden von uns nur gem\u00e4\u00df den Bestimmungen des deutschen Datenschutzrechts verarbeitet. Die nachfolgenden Vorschriften informieren \u00fcber Art, Umfang und Zweck der Erhebung, Verarbeitung und Nutzung personenbezogener Daten. Diese Datenschutzerkl\u00e4rung bezieht sich nur auf die Internetseiten unserer Verbandsstufen.<\/p>\n<p>Falls \u00fcber Links auf unseren Seiten auf andere Seiten weitergeleitet wird, tr\u00e4gen wir f\u00fcr den dortigen Inhalt keine Verantwortung. Es wird gebeten, sich dort bei Bedarf mit dem Inhaber der anderen Internetseiten in Verbindung zu setzen.<br \/>\nFalls \u00fcber Links auf unseren Seiten auf andere Seiten weitergeleitet wird, wird gebeten, sich dort \u00fcber den jeweiligen Umgang mit den Daten zu informieren.<\/p>\n<p><strong>1.2. Umgang mit Daten<\/strong><\/p>\n<p>Der PRO BAHN Landesverband Hessen e.V. und die Regionalgliederungen erheben bei Transaktionen \u2013 beispielsweise im Internet \u2013 sowie auf klassische Weise von Spendern und Mitgliedern personenbezogenen Daten, die f\u00fcr die Mitgliederverwaltung, f\u00fcr Zwecke der Spendengewinnung und Spendenverwaltung erforderlich sind. Ihre Daten nutzen bei vorliegender Zustimmung wir ebenso, um Sie \u00fcber geplante Aktionen, Informationen und Aktivit\u00e4ten des Landesverbandes oder evtl. Regionalgliederungen schriftlich und elektronisch zu informieren. Unsere Mitarbeiter und Lieferanten\/Partner zur Verschwiegenheit sowie zur Einhaltung der Datenschutzgesetze verpflichtet und haben verbindliche Erkl\u00e4rungen unterschrieben.<\/p>\n<p><strong>1.3. Datenweitergabe<\/strong><\/p>\n<p>In keinem Fall werden die erhobenen Daten verkauft oder aus vereinsfremden Gr\u00fcnden an Dritte weitergegeben. Arbeiten wir mit externen Dienstleistern zusammen, so d\u00fcrfen diese personenbezogenen Daten nur f\u00fcr die erlaubten Zwecke nutzen.<\/p>\n<p><strong>1.4. Informationen \u00fcber Cookies<\/strong><\/p>\n<p>Zur Optimierung unseres Internetauftritts setzen wir m\u00f6glicherweise Cookies ein. Es handelt sich dabei um kleine Textdateien, die im Arbeitsspeicher Ihres Computers gespeichert werden. Diese Cookies werden nach dem Schlie\u00dfen des Browsers wieder gel\u00f6scht. Andere Cookies verbleiben auf Ihrem Rechner (Langzeit-Cookies) und erkennen ihn beim n\u00e4chsten Besuch wieder. Dadurch kann ein besserer Zugang auf unsere Seite erm\u00f6glichen werden. Das Speichern von Cookies kann durch Auswahl der Browser-Einstellung &#8222;Cookies blockieren&#8220; blockiert werden. Dies kann aber eine Funktionseinschr\u00e4nkung unserer Angebote zur Folge haben.<\/p>\n<p><strong>1.5. Verlinkungen<\/strong><\/p>\n<p>Die Internetseiten des Verbandes enthalten Verlinkungen auf externe Seiten, auf die sich diese Datenschutzerkl\u00e4rung nicht erstreckt. Sie sollten daher stets die dort angebotenen Datenschutzerkl\u00e4rungen pr\u00fcfen.<\/p>\n<p><strong>1.6. Haftung f\u00fcr Inhalte<\/strong><\/p>\n<p>Als Diensteanbieter sind wir gem\u00e4\u00df \u00a7 7 Abs.1 TMG f\u00fcr eigene Inhalte auf diesen Seiten nach den allgemeinen Gesetzen verantwortlich. Nach \u00a7\u00a7 8 bis 10 TMG sind wir als Diensteanbieter jedoch nicht verpflichtet, \u00fcbermittelte oder gespeicherte fremde Informationen zu \u00fcberwachen oder nach Umst\u00e4nden zu forschen, die auf eine rechtswidrige T\u00e4tigkeit hinweisen.<\/p>\n<p>Verpflichtungen zur Entfernung oder Sperrung der Nutzung von Informationen nach den allgemeinen Gesetzen bleiben hiervon unber\u00fchrt. Eine diesbez\u00fcgliche Haftung ist jedoch erst ab dem Zeitpunkt der Kenntnis einer konkreten Rechtsverletzung m\u00f6glich. Bei Bekanntwerden von entsprechenden Rechtsverletzungen werden wir diese Inhalte umgehend entfernen.<\/p>\n<p><strong>1.7. Haftung f\u00fcr Links<\/strong><\/p>\n<p>Unser Angebot enth\u00e4lt Links zu externen Internetseiten Dritter, auf deren Inhalte wir keinen Einfluss haben. Deshalb k\u00f6nnen wir f\u00fcr diese fremden Inhalte auch keine Gew\u00e4hr \u00fcbernehmen. F\u00fcr die Inhalte der verlinkten Seiten ist stets der jeweilige Anbieter oder Betreiber der Seiten verantwortlich. Die verlinkten Seiten wurden zum Zeitpunkt der Verlinkung auf m\u00f6gliche Rechtsverst\u00f6\u00dfe \u00fcberpr\u00fcft. Rechtswidrige Inhalte waren zum Zeitpunkt der Verlinkung nicht erkennbar.<\/p>\n<p>Eine permanente inhaltliche Kontrolle der verlinkten Seiten ist jedoch ohne konkrete Anhaltspunkte einer Rechtsverletzung nicht zumutbar. Bei Bekanntwerden von Rechtsverletzungen werden wir derartige Links umgehend entfernen.<\/p>\n<p><strong>1.8. Urheberrecht<\/strong><\/p>\n<p>Die durch die Seitenbetreiber erstellten Inhalte und Werke auf diesen Seiten unterliegen dem deutschen Urheberrecht. Die Inhalte sind, wenn nicht ausdr\u00fccklich anders gekennzeichnet, nach der Creative Commons Lizenz nutzbar.<\/p>\n<p>Soweit die Inhalte auf dieser Seite nicht vom Betreiber erstellt wurden, werden die Urheberrechte Dritter beachtet. Insbesondere werden Inhalte Dritter als solche gekennzeichnet. Sollten eine Urheberrechtsverletzung erkannt werden, bitten wir um einen entsprechenden Hinweis. Bei Bekanntwerden von Rechtsverletzungen werden wir derartige Inhalte umgehend entfernen.<\/p>\n<p><strong>1.9. Social Plugins von Facebook [Anm. Stand 08.11.2019 nicht aktiv]<\/strong><\/p>\n<p>Wir verwenden Social Plugins von facebook.com, betrieben durch Facebook Inc., 1601 S. California Ave, Palo Alto, CA 94304, USA. Die Plug-Ins sind an dem Facebook Logo oder dem Zusatz &#8222;Facebook Social Plugin&#8220; zu erkennen. Wenn Sie z.B. den &#8222;Gef\u00e4llt mir&#8220; Button anklicken oder einen Kommentar abgeben, wird die entsprechende Information von Ihrem Browser direkt an Facebook \u00fcbermittelt und dort gespeichert.<\/p>\n<p>Details zum Umgang mit Ihren pers\u00f6nlichen Daten durch Facebook sowie diesbez\u00fcgliche Rechten k\u00f6nnen den Datenschutzhinweisen von Facebook entnommen werden:<br \/>\nhttp:\/\/www.facebook.com\/policy.php<\/p>\n<p>Ist es nicht erw\u00fcnscht, dass Facebook \u00fcber unsere Webseiten Daten im konkreten Fall sammeln k\u00f6nnte, ist der Besuch der Internetseiten des Fahrgastverbandes PRO BAHN bei Facebook im ausgeloggten Zustand notwendig.<\/p>\n<p><strong>1.10. Social Plugins von Twitter<\/strong><\/p>\n<p>Wir verwenden mit Twitter und den Re-Tweet-Funktionen sog. &#8222;Social Plugins&#8220; von twitter.com, betrieben durch die Twitter Inc. 795 Folsom St., Suite 600, San Francisco, CA 94107. Bei Nutzung der Re-Tweet Funktionen, werden die besuchten Internetseiten gegen\u00fcber Dritten bekanntgegeben und mit dem jeweiligen Twitter-Account verbunden.<br \/>\nDetails zum Umgang mit Daten durch Twitter sowie zu den eigenen Rechten und Einstellungsm\u00f6glichkeiten zum Schutz der pers\u00f6nlichen Daten k\u00f6nnen Datenschutzhinweisen von Twitter entnommen werden:<br \/>\nhttps:\/\/twitter.com\/privacy?lang=de<\/p>\n<p><strong>1.11. Newsletter<\/strong><\/p>\n<p>Der Fahrgastverband PRO BAHN e.V. (Bundesverband) gibt \u201eFahrgast aktuell heraus. Der PRO BAHN Landesverband Hessen e.V. gibt ebenfalls Newsletter heraus. Bei Anmeldung zu den Newslettern wird die E-Mail-Adresse f\u00fcr deren Versand genutzt. Dies kann durch eine aktive Abmeldung beendet werden. Die Abmeldung ist jederzeit m\u00f6glich. Nach der Anmeldung wird eine E-Mail mit einem Best\u00e4tigungs-Link zugesandt. Mit der Best\u00e4tigung in der E-Mail wird das Einverst\u00e4ndnis mit der elektronischen Speicherung der jeweiligen E-MailAdresse erteilt. Die Erhebung der Daten erfolgt im Rahmen der gesetzlichen Vorschriften. Der Dienst ist kostenlos und werbefrei. Die Einwilligung, dass die E-Mail-Adresse gespeichert wird, kann jederzeit widerrufen werden. Zur Abmeldung kann der Abmeldelink im Newsletter genutzt werden.<\/p>\n<p><strong>1.12. Auskunft<\/strong><\/p>\n<p>Nach dem Bundesdatenschutzgesetz besteht das Recht auf unentgeltliche Auskunft \u00fcber die gespeicherten Daten sowie ggf. ein Recht auf Berichtigung, Sperrung oder L\u00f6schung dieser Daten.<\/p>\n<p><strong>II.) Datenschutz f\u00fcr die internen elektronischen Informationssysteme der Verbandsstufen<\/strong><\/p>\n<p>Alle Personen, die Mitglied des Verbandes, k\u00f6nnen auf interne Informationssysteme zugreifen. Rechtsgrundlage f\u00fcr die Verarbeitung und Verwendung der personenbezogenen Daten in den internen Informationssystem ist die Zustimmung zu der Datenschutzvereinbarung bei der Erstanmeldung. Die vorliegenden Daten unserer Mitglieder sind in individuellen Benutzerkonten angelegt, auf die nur das Mitglied und die Administratoren Zugriff haben.<\/p>\n<p><strong>2.1. Daten im Benutzerkonto<\/strong><\/p>\n<p>Die Daten im Benutzerkonto speisen sich aus den Angaben. Nach Anmeldung in der internen Datenbank k\u00f6nnen die gespeicherten Anmeldedaten eingesehen und bei falschen Angaben diese sofort korrigiert werden. Wir weisen darauf hin, dass uns die Vervollst\u00e4ndigung der Daten sehr wichtig ist. Die im Benutzerkonto festgehaltenen Daten sind in den internen Informationssyteme nur von extra befugten Personen des Fahrgastverbandes PRO BAHN e.V. und nicht f\u00fcr Dritte sichtbar. Lediglich der Name bzw. die pers\u00f6nlich frei gew\u00e4hlte \u00f6ffentliche Kennung wird bei eingestellten Kommentaren zu lesen sein. Die eingetragenen Daten f\u00fcr die Zug\u00e4nge werden lediglich von uns f\u00fcr die Mitgliederverwaltung genutzt. Das gleiche gilt, f\u00fcr die Zustellung von unseren Mitgliederzeitschriften der Landes- und der Regionalebene. Auf ausdr\u00fccklichen Wunsch werden die Daten f\u00fcr den Versand von digitalen Inhalten per E-Mail genutzt. Dieser Versand wird nicht automatisch<br \/>\neingerichtet. An- und Abmeldungen k\u00f6nnen im jeweiligen Mitgliederbereich vorgenommen werden.<\/p>\n<p><strong>2.2. Benutzername &amp; Passwort<\/strong><\/p>\n<p>Der vorgegebene Benutzername wurde aus den eingegebenen Mitgliederdaten generiert. Das Passwort wurde mit einem Passwortgenerator erstellt. Nach Erstanmeldung k\u00f6nnen Benutzername und Passwort nach Wunsch ge\u00e4ndert werden. Das Passwort muss eine Mindestl\u00e4nge von acht Zeichen haben.<\/p>\n<p><strong>2.3. Weitergabe von Zugangsdaten<\/strong><\/p>\n<p>Die Weitergabe von Zugangsdaten an Dritte ist untersagt. Bei Bekanntwerden einer Zuwiderhandlung wird das entsprechende Benutzerkonto gesperrt und Kontakt mit den handelnden Personen aufgenommen.<\/p>\n<p><strong>2.4. Weitergabe von internen Inhalten<\/strong><\/p>\n<p>Die im Mitgliederbereich hinterlegten Inhalte sind Eigentum des Verbandes bzw. der jeweiligen Verbandsstufe, die ausschlie\u00dflich einer Verwendung f\u00fcr verbandsnahe Zwecke dienen. Diese sind, sofern nicht explizit als \u201ever\u00f6ffentlicht\u201c gekennzeichnet oder durch einen entsprechenden Beschluss gedeckt nicht an Dritte zu weiterzugeben. Bei Bekanntwerden einer Zuwiderhandlung wird das<br \/>\nentsprechende Benutzerkonto gesperrt.<\/p>\n<p><strong>2.5. Auskunftsanspruch &amp; Widerrufsrecht<\/strong><\/p>\n<p>Ohne Angabe von Gr\u00fcnden kann jederzeit kostenlos Auskunft \u00fcber die gespeicherten Daten erhalten werden. Es ist m\u00f6glich, jederzeit den Zugang zum Mitgliederbereich zu sperren zu lassen.<br \/>\nDie Auskunft erfolgt in der Regel \u00fcber den Kanal, \u00fcber den die Auskunftsanfrage eingeht. Wurde die Kontaktadresse des jeweiligen Kanals in den letzten zwei Jahren ge\u00e4ndert, ist die Identit\u00e4t zu pr\u00fcfen (z.B. durch eigenh\u00e4ndige Zustellung).<\/p>\n<p><strong>2.6. Datensicherheit<\/strong><\/p>\n<p>Der Verband setzt technische und organisatorische Sicherheitsma\u00dfnahmen ein, um die Daten vor zuf\u00e4lliger oder vors\u00e4tzlicher Manipulation, Verlust, Zerst\u00f6rung oder Zugriff unberechtigter Personen zu sch\u00fctzen.<\/p>\n<p><strong>III.) Gliederungen des Fahrgastverbandes PRO BAHN in Hessen<\/strong><\/p>\n<p><strong>1.1 \u2013 PRO BAHN Landesverband Hessen e.V.<\/strong><br \/>\n<strong>1.2 \u2013 PRO BAHN Regionalgruppe Westhessen<\/strong><\/p>\n<p><strong>2.1 \u2013<br \/>\n<\/strong><strong>PRO BAHN Regionenvereinigung Nordhessen-Osthessen-Mittelhessen e.V.<\/strong><br \/>\n<strong>2.2 \u2013 PRO BAHN Regionalverband Nordhessen<\/strong><br \/>\n<strong>2.3 \u2013 PRO BAHN Regionalverband Osthessen<\/strong><br \/>\n<strong>2.4 \u2013 PRO BAHN Regionalverband Mittelhessen<\/strong><\/p>\n<p><strong>3.1 \u2013 PRO BAHN Regionalverband Gro\u00dfraum Frankfurt e.V.<\/strong><\/p>\n<p><strong>4-1 \u2013 PRO BAHN Regionalverband Starkenburg e.V.<\/strong><\/p>\n<p>Die Anschriften der Verbandsgliederungen sowie die sie tragenden Personen sind in Anlage 4 sowie an anderer Stelle dieser Internetseite nachlesbar.<\/p>\n<\/div>\n","protected":false},"excerpt":{"rendered":"<p>Wir verweisen an dieser Stelle auf die Datenschutzordnung des PRO BAHN Landesverbandes Hessen und die dazugeh\u00f6rigen Anlagen, insbesondere auf die Anlage 4 (externes Auskunftsverlangen) und die Anlage 5 (Datenschutzerkl\u00e4rung f\u00fcr Internetseiten). Diese Informationen sind in den folgenden Dateien einsehbar: Datenschutzordnung &hellip; <a href=\"https:\/\/pro-bahn-hessen.de\/?page_id=7700\">Weiterlesen <span class=\"meta-nav\">&rarr;<\/span><\/a><\/p>\n","protected":false},"author":3,"featured_media":0,"parent":0,"menu_order":20,"comment_status":"closed","ping_status":"closed","template":"","meta":{"footnotes":""},"_links":{"self":[{"href":"https:\/\/pro-bahn-hessen.de\/index.php?rest_route=\/wp\/v2\/pages\/7700"}],"collection":[{"href":"https:\/\/pro-bahn-hessen.de\/index.php?rest_route=\/wp\/v2\/pages"}],"about":[{"href":"https:\/\/pro-bahn-hessen.de\/index.php?rest_route=\/wp\/v2\/types\/page"}],"author":[{"embeddable":true,"href":"https:\/\/pro-bahn-hessen.de\/index.php?rest_route=\/wp\/v2\/users\/3"}],"replies":[{"embeddable":true,"href":"https:\/\/pro-bahn-hessen.de\/index.php?rest_route=%2Fwp%2Fv2%2Fcomments&post=7700"}],"version-history":[{"count":14,"href":"https:\/\/pro-bahn-hessen.de\/index.php?rest_route=\/wp\/v2\/pages\/7700\/revisions"}],"predecessor-version":[{"id":8644,"href":"https:\/\/pro-bahn-hessen.de\/index.php?rest_route=\/wp\/v2\/pages\/7700\/revisions\/8644"}],"wp:attachment":[{"href":"https:\/\/pro-bahn-hessen.de\/index.php?rest_route=%2Fwp%2Fv2%2Fmedia&parent=7700"}],"curies":[{"name":"wp","href":"https:\/\/api.w.org\/{rel}","templated":true}]}}