{"id":854,"date":"2013-10-15T13:15:54","date_gmt":"2013-10-15T11:15:54","guid":{"rendered":"http:\/\/pro-bahn-hessen.de\/?page_id=854"},"modified":"2025-07-20T01:14:46","modified_gmt":"2025-07-19T23:14:46","slug":"impressum","status":"publish","type":"page","link":"https:\/\/pro-bahn-hessen.de\/?page_id=854","title":{"rendered":"Impressum"},"content":{"rendered":"<p><strong>PRO BAHN Landesverband Hessen e. V.<\/strong><\/p>\n<p>Postfach 11 14 16<br \/>\n60049 Frankfurt am Main<br \/>\nTelefon: +49(0)69 244372266<br \/>\nFax: +49(0)69 90019793<br \/>\n&#8212;&#8212;&#8212;&#8212;&#8212;&#8212;&#8212;&#8212;&#8212;&#8212;&#8211;<br \/>\nBahnhofstra\u00dfe 10<br \/>\n35457 Lollar<br \/>\nTelefon +49(0)6406 8373997<br \/>\n&#8212;&#8212;&#8212;&#8212;&#8212;&#8212;&#8212;&#8212;&#8212;&#8212;&#8211;<br \/>\nE-Mail: mail@pro-bahn-hessen.de<\/p>\n<p>Sitz des Vereins ist Frankfurt am Main.<\/p>\n<p><strong>vertretungsberechtigter Vorstand gem. \u00a7 26 BGB:<\/strong><\/p>\n<p>Thomas Kraft, 35633 Lahnau (Landesvorsitzender)<br \/>\nKlaus Zecher, 35392 Gie\u00dfen (1. Stellv. Landesvorsitzender)<br \/>\nUwe Schuchmann, 64372 Ober-Ramstadt (Landeskassenwart)<\/p>\n<p><strong>Vereinsregister:<\/strong><\/p>\n<p>Amtsgericht Frankfurt am Main<br \/>\nVereinsregisternummer: VR 12195<\/p>\n<p><strong>Finanzamt\/Steuerwesen:<\/strong><\/p>\n<p>Der Landesverband Hessen von PRO BAHN ist als gemeinn\u00fctzig anerkannt.<br \/>\nFinanzamt Frankfurt am Main<br \/>\nSteuernummer: 014 250 08343<\/p>\n<p><strong>Inhaltlich Verantwortliche<\/strong> gem\u00e4\u00df \u00a75 TMG f\u00fcr die Webseiten \u201ePRO BAHN Landesverband Hessen e.V.\u201c und Projektverantwortliche der Webseiten \u201ewww.pro-bahn-hessen.de\u201c. Von diesen Personen wurden verantwortlich seither Inhalte, insbesondere Pressemitteilungen, ver\u00f6ffentlicht:<\/p>\n<p>Thomas Kraft<br \/>\n35633 Lahnau<\/p>\n<p>Bernd Rohrmann<br \/>\n64289 Darmstadt<\/p>\n<p>Wilfried Staub<br \/>\n65812 Bad Soden am Taunus<\/p>\n<p>Werner Filzinger<br \/>\n36341 Lauterbach (Hessen)<\/p>\n<p>Philipp Loth<br \/>\n60598 Frankfurt am Main<\/p>\n<p>Gerd Aschoff<br \/>\n37075 G\u00f6ttingen<\/p>\n<p>Klaus Zecher<br \/>\n35392 Gie\u00dfen<\/p>\n<p>Ulrich Seng<br \/>\n34131 Kassel<\/p>\n<p>Ewald Biedenbach<br \/>\n34131 Kassel<\/p>\n<p>Uwe Schuchmann<br \/>\n64372 Ober-Ramstadt<\/p>\n<p>Thomas Mroczek<br \/>\n64569 Nauheim (b. Gro\u00df-Gerau)<\/p>\n<p>Dr. Barbara Grassel<br \/>\n65719 Hofheim am Taunus<\/p>\n<p>Bernd Rohrmann<br \/>\n64289 Darmstadt<\/p>\n<p>Michael Reuter<br \/>\n56379 Obernhof (Lahn)<\/p>\n<p>Peter Cornelius<br \/>\n13349 Berlin<\/p>\n<p>Kurt-Michael He\u00df<br \/>\n64331 Weiterstadt<\/p>\n<p>Kristine Schaal<br \/>\n60487 Frankfurt am Main<\/p>\n<p>Wolfgang Brauer<br \/>\n69120 Heidelberg<\/p>\n<p>Peter Castellanos<br \/>\n64625 Bensheim<\/p>\n<p>Reinhard Ahrens<br \/>\n35096 Weimar (Lahn)<\/p>\n<p>Dr. Gottlob Gienger (\u2020)<br \/>\n64807 Dieburg<\/p>\n<p>Thomas Schwemmer (\u2020)<br \/>\n60326 Frankfurt am Main<\/p>\n<p>Hermann Hoffmann (\u2020)<br \/>\n34130 Kassel<\/p>\n<p>Dieter Kleinschmidt (\u2020)<br \/>\n34277 Fuldabr\u00fcck<\/p>\n<p>Mail: mail@pro-bahn-hessen.de<\/p>\n<p><strong>Copyright\/Kopierrechte:<\/strong><br \/>\nDie Inhalte dieser Website unterliegen auch ohne besondere Kennzeichnung dem Urheberrecht. Alle Rechte liegen beim Verein \u201ePRO BAHN Landesverband Hessen e.V.<\/p>\n<p><strong>Disclaimer\/Haftungsausschluss<\/strong><\/p>\n<p>Die Zusammenstellung der Informationen auf dieser Website wurde vom Verein \u201ePRO BAHN Landesverband Hessen e.V.\u201c mit gr\u00f6\u00dftm\u00f6glicher Sorgfalt vorgenommen. Dennoch kann keinerlei Gew\u00e4hr f\u00fcr Aktualit\u00e4t, Korrektheit, Vollst\u00e4ndigkeit oder Qualit\u00e4t der bereitgestellten Informationen und Daten \u00fcbernommen werden. Haftungsanspr\u00fcche gegen den Verein \u201ePRO BAHN Landesverband Hessen e.V.\u201c oder die Autoren bzw. Verantwortlichen dieser Website f\u00fcr Sch\u00e4den materieller oder immaterieller Art, die auf ggf. fehlerhaften oder unvollst\u00e4ndigen Informationen und Daten beruhen, sind, soweit nicht Vorsatz oder grobe Fahrl\u00e4ssigkeit vorliegt, ausgeschlossen.<\/p>\n<p>Die Website \u201ewww.pro-bahn-hessen.de\u201c enth\u00e4lt Links zu Webseiten Dritter, die von anderen unterhalten werden. Diese Links sind rein f\u00fcr Ihren gef\u00e4lligen Gebrauch zur Verf\u00fcgung gestellt und stellen keine Billigung des Inhalts auf diesen genannten Seiten seitens des Verein \u201ePRO BAHN Landesverband Hessen e.V.\u201c dar. Verein \u201ePRO BAHN Landesverband Hessen e.V.\u201c ist f\u00fcr den Inhalt dieser Links nicht verantwortlich und steht auch nicht f\u00fcr den Inhalt und die Genauigkeit des Materials auf den Webseiten Dritter ein. Wenn Sie sich f\u00fcr einen Zugriff auf diese Links zu den Webseiten Dritter entscheiden, tun Sie dies auf eigene Verantwortung.<\/p>\n","protected":false},"excerpt":{"rendered":"<p>PRO BAHN Landesverband Hessen e. V. Postfach 11 14 16 60049 Frankfurt am Main Telefon: +49(0)69 244372266 Fax: +49(0)69 90019793 &#8212;&#8212;&#8212;&#8212;&#8212;&#8212;&#8212;&#8212;&#8212;&#8212;&#8211; Bahnhofstra\u00dfe 10 35457 Lollar Telefon +49(0)6406 8373997 &#8212;&#8212;&#8212;&#8212;&#8212;&#8212;&#8212;&#8212;&#8212;&#8212;&#8211; E-Mail: mail@pro-bahn-hessen.de Sitz des Vereins ist Frankfurt am Main. vertretungsberechtigter Vorstand &hellip; <a href=\"https:\/\/pro-bahn-hessen.de\/?page_id=854\">Weiterlesen <span class=\"meta-nav\">&rarr;<\/span><\/a><\/p>\n","protected":false},"author":1,"featured_media":0,"parent":0,"menu_order":14,"comment_status":"closed","ping_status":"open","template":"","meta":{"footnotes":""},"_links":{"self":[{"href":"https:\/\/pro-bahn-hessen.de\/index.php?rest_route=\/wp\/v2\/pages\/854"}],"collection":[{"href":"https:\/\/pro-bahn-hessen.de\/index.php?rest_route=\/wp\/v2\/pages"}],"about":[{"href":"https:\/\/pro-bahn-hessen.de\/index.php?rest_route=\/wp\/v2\/types\/page"}],"author":[{"embeddable":true,"href":"https:\/\/pro-bahn-hessen.de\/index.php?rest_route=\/wp\/v2\/users\/1"}],"replies":[{"embeddable":true,"href":"https:\/\/pro-bahn-hessen.de\/index.php?rest_route=%2Fwp%2Fv2%2Fcomments&post=854"}],"version-history":[{"count":61,"href":"https:\/\/pro-bahn-hessen.de\/index.php?rest_route=\/wp\/v2\/pages\/854\/revisions"}],"predecessor-version":[{"id":9899,"href":"https:\/\/pro-bahn-hessen.de\/index.php?rest_route=\/wp\/v2\/pages\/854\/revisions\/9899"}],"wp:attachment":[{"href":"https:\/\/pro-bahn-hessen.de\/index.php?rest_route=%2Fwp%2Fv2%2Fmedia&parent=854"}],"curies":[{"name":"wp","href":"https:\/\/api.w.org\/{rel}","templated":true}]}}