{"id":9041,"date":"2023-11-12T08:03:54","date_gmt":"2023-11-12T07:03:54","guid":{"rendered":"https:\/\/pro-bahn-hessen.de\/?page_id=9041"},"modified":"2025-07-28T21:23:30","modified_gmt":"2025-07-28T19:23:30","slug":"kampagnen-wir-wirken-mit","status":"publish","type":"page","link":"https:\/\/pro-bahn-hessen.de\/?page_id=9041","title":{"rendered":"Kampagnen &#8211; wir wirken mit"},"content":{"rendered":"<p>An folgenden aktuellen Kampagnen\/Initiativen wirkt der PRO BAHN Landesverband Hessen mit:<\/p>\n<p><strong>1.) Initiative Verkehrswende Hessen<\/strong><\/p>\n<p><img loading=\"lazy\" decoding=\"async\" src=\"https:\/\/pro-bahn-hessen.de\/wp-content\/uploads\/2025\/07\/Logo-Verkehrswende-Hessen-zugeschnitten-klein-200.png\" alt=\"\" width=\"200\" height=\"109\" class=\"alignleft size-full wp-image-9914\" \/><\/p>\n<p>Hier wirken die bedeutenden Vereine und Verb\u00e4nde gemeinsam seit mehreren Jahren. Die Initiative ist immer wieder mal aktiv gewesen. Herausragendes Ziel, die Durchsetzung eines Verkehrswendegesetzes in Hessen mittels eines Volksentscheids. Mehr zu lesen unter:<\/p>\n<p><a href=\"https:\/\/www.verkehrswende-hessen.de\/\">https:\/\/www.verkehrswende-hessen.de\/<\/a><\/p>\n<p><strong>2.) B\u00fcndnis sozialvertr\u00e4gliche Mobilit\u00e4tswende<\/strong><\/p>\n<p><img loading=\"lazy\" decoding=\"async\" src=\"https:\/\/pro-bahn-hessen.de\/wp-content\/uploads\/2025\/07\/Logo-Sozialvertraegliche-Verkehrswende-300x79.png\" alt=\"\" width=\"300\" height=\"79\" class=\"alignleft size-medium wp-image-9913\" srcset=\"https:\/\/pro-bahn-hessen.de\/wp-content\/uploads\/2025\/07\/Logo-Sozialvertraegliche-Verkehrswende-300x79.png 300w, https:\/\/pro-bahn-hessen.de\/wp-content\/uploads\/2025\/07\/Logo-Sozialvertraegliche-Verkehrswende.png 660w\" sizes=\"(max-width: 300px) 100vw, 300px\" \/><\/p>\n<p>Seit Anfang 2024 ist das bundesweite B\u00fcndnis sozialvertr\u00e4gliche Mobilit\u00e4tswende auch in Hessen konstituiert und seither durchaus aktiv. Bei der Bek\u00e4mpfung des Klimawandels werden seit 2015 durchaus Vorschl\u00e4ge unterbreitet worden, die doch f\u00fcr weite Teile der Gesellschaft zu deutlichen, vielfach nicht zu stemmenden Belastungen f\u00fchren w\u00fcrde. Dadurch haben sich die Menschen in Deutschland, in Europa, nach den Jahren der medialen Pr\u00e4senz wieder von den politischen Zielen abgewendet. Das B\u00fcndnis sozialvertr\u00e4gliche Mobilit\u00e4tswende hat das gesellschaftspolitische Ziel, dass sozialer Wohlstand und soziale Teilhabe nicht im Widerspruch zu den Ver\u00e4nderungen im Kampf gegen den Klimawandel stehen m\u00fcssen.<\/p>\n<p><a href=\"https:\/\/pro-bahn-hessen.de\/wp-content\/uploads\/2025\/07\/Erklaerung-Buendnis-sozialvertraegliche-Mobilitaetswende-Hessen.pdf\">Erkl\u00e4rung B\u00fcndnis sozialvertr\u00e4gliche Mobilit\u00e4tswende Hessen<\/a><\/p>\n<p><a href=\"https:\/\/www.nabu.de\/umwelt-und-ressourcen\/verkehr\/29448.html#:~:text=Der%20NABU%20ist%20Teil%20des,sozial%20gerechte%20Mobilit%C3%A4tswende%20gelingen%20kann.\" rel=\"noopener\" target=\"_blank\">B\u00fcndnis sozialvertr\u00e4gliche Mobilit\u00e4tswende in Deutschland &#8211; Seiten weitere Infos<\/a><\/p>\n<p>&nbsp;<br \/>\n<strong>3.) Hessisches Schienenkonzept 2030 plus<\/strong><\/p>\n<p><img loading=\"lazy\" decoding=\"async\" src=\"https:\/\/pro-bahn-hessen.de\/wp-content\/uploads\/2025\/07\/Logo-Hessisches-Schienenkonzept-2030-plus-256x300.jpg\" alt=\"\" width=\"256\" height=\"300\" class=\"alignleft size-medium wp-image-9919\" srcset=\"https:\/\/pro-bahn-hessen.de\/wp-content\/uploads\/2025\/07\/Logo-Hessisches-Schienenkonzept-2030-plus-256x300.jpg 256w, https:\/\/pro-bahn-hessen.de\/wp-content\/uploads\/2025\/07\/Logo-Hessisches-Schienenkonzept-2030-plus.jpg 536w\" sizes=\"(max-width: 256px) 100vw, 256px\" \/><\/p>\n<p>Ziel ist es, eine inhaltlich fundiertere Alternative zu der &#8222;Bestandsaufnahme stillgelegter Bahnstrecken in Hessen&#8220; aufzubauen, welche seit 2016 fast j\u00e4hrlich von dem Hess. Verkehrsministerium\/Hessen Mobil herausgegeben wird. Ziel ist es, ein alternatives Gesamtkonzept f\u00fcr den Schienenverkehr in Hessen zu pr\u00e4sentieren, in welchem die Ziele der Verkehrswende viel besser abgebildet sind. Darin sollen neben deutlich mehr zu reaktivierenden Bahnstrecken auch umfassende Ausbauma\u00dfnahmen im Bestandsnetz f\u00fcr den Schienenpersonennahverkehr dargestellt werden. Das Werk ist noch im Aufbau. Es wirken einige gesellschaftliche Kr\u00e4fte mit (Verb\u00e4nde, Gewerkschaften, Vereine, etc.)<\/p>\n<p><a href=\"http:\/\/www.odenwaldbahn.de\" target=\"_blank\" rel=\"noopener noreferrer\">www.odenwaldbahn.de<\/a><\/p>\n<p><strong>4.) Kampagne Bildungsticket Hessen<\/strong><\/p>\n<p><img loading=\"lazy\" decoding=\"async\" src=\"https:\/\/pro-bahn-hessen.de\/wp-content\/uploads\/2025\/07\/Bildungsticket-Hessen-2023-2024-300x225.jpg\" alt=\"\" width=\"300\" height=\"225\" class=\"alignleft size-medium wp-image-9917\" srcset=\"https:\/\/pro-bahn-hessen.de\/wp-content\/uploads\/2025\/07\/Bildungsticket-Hessen-2023-2024-300x225.jpg 300w, https:\/\/pro-bahn-hessen.de\/wp-content\/uploads\/2025\/07\/Bildungsticket-Hessen-2023-2024-1024x768.jpg 1024w, https:\/\/pro-bahn-hessen.de\/wp-content\/uploads\/2025\/07\/Bildungsticket-Hessen-2023-2024-768x576.jpg 768w, https:\/\/pro-bahn-hessen.de\/wp-content\/uploads\/2025\/07\/Bildungsticket-Hessen-2023-2024-1536x1152.jpg 1536w, https:\/\/pro-bahn-hessen.de\/wp-content\/uploads\/2025\/07\/Bildungsticket-Hessen-2023-2024.jpg 1600w\" sizes=\"(max-width: 300px) 100vw, 300px\" \/><\/p>\n<p>Gemeinsam mit den Allgemeinen Studierendenaussch\u00fcssen (ASten) und den Sch\u00fclervertretungen in Hessen wird sich in der Kampagne Bildungsticket daf\u00fcr eingesetzt, dass allen Studierenden, Auszubildenden in Hessen ein bundesweit g\u00fcltiges \u00d6PNV-Ticket (Bildungsticket) zum Preis von 19 Euro monatlich zur Verf\u00fcgung steht. F\u00fcr alle Sch\u00fclerinnen und Sch\u00fcler Hessens soll das Bildungsticket kostenlos sein.<\/p>\n<p>Wenn Fragen dazu an uns sind, wie wir als PRO BAHN Landesverband Hessen zu Einzelheiten stehen, schreibt uns einfach eine Mail an <strong>mail(a)pro-bahn-hessen.de<\/strong>.<\/p>\n<p>&nbsp;<\/p>\n","protected":false},"excerpt":{"rendered":"<p>An folgenden aktuellen Kampagnen\/Initiativen wirkt der PRO BAHN Landesverband Hessen mit: 1.) Initiative Verkehrswende Hessen Hier wirken die bedeutenden Vereine und Verb\u00e4nde gemeinsam seit mehreren Jahren. Die Initiative ist immer wieder mal aktiv gewesen. Herausragendes Ziel, die Durchsetzung eines Verkehrswendegesetzes &hellip; <a href=\"https:\/\/pro-bahn-hessen.de\/?page_id=9041\">Weiterlesen <span class=\"meta-nav\">&rarr;<\/span><\/a><\/p>\n","protected":false},"author":1,"featured_media":0,"parent":237,"menu_order":5,"comment_status":"closed","ping_status":"closed","template":"","meta":{"footnotes":""},"_links":{"self":[{"href":"https:\/\/pro-bahn-hessen.de\/index.php?rest_route=\/wp\/v2\/pages\/9041"}],"collection":[{"href":"https:\/\/pro-bahn-hessen.de\/index.php?rest_route=\/wp\/v2\/pages"}],"about":[{"href":"https:\/\/pro-bahn-hessen.de\/index.php?rest_route=\/wp\/v2\/types\/page"}],"author":[{"embeddable":true,"href":"https:\/\/pro-bahn-hessen.de\/index.php?rest_route=\/wp\/v2\/users\/1"}],"replies":[{"embeddable":true,"href":"https:\/\/pro-bahn-hessen.de\/index.php?rest_route=%2Fwp%2Fv2%2Fcomments&post=9041"}],"version-history":[{"count":12,"href":"https:\/\/pro-bahn-hessen.de\/index.php?rest_route=\/wp\/v2\/pages\/9041\/revisions"}],"predecessor-version":[{"id":9920,"href":"https:\/\/pro-bahn-hessen.de\/index.php?rest_route=\/wp\/v2\/pages\/9041\/revisions\/9920"}],"up":[{"embeddable":true,"href":"https:\/\/pro-bahn-hessen.de\/index.php?rest_route=\/wp\/v2\/pages\/237"}],"wp:attachment":[{"href":"https:\/\/pro-bahn-hessen.de\/index.php?rest_route=%2Fwp%2Fv2%2Fmedia&parent=9041"}],"curies":[{"name":"wp","href":"https:\/\/api.w.org\/{rel}","templated":true}]}}