{"id":9213,"date":"2023-12-31T16:34:46","date_gmt":"2023-12-31T15:34:46","guid":{"rendered":"https:\/\/pro-bahn-hessen.de\/?page_id=9213"},"modified":"2023-12-31T17:28:50","modified_gmt":"2023-12-31T16:28:50","slug":"ausbau-neubau-hanau-aschaffenburg-nantenbach","status":"publish","type":"page","link":"https:\/\/pro-bahn-hessen.de\/?page_id=9213","title":{"rendered":"Ausbau\/Neubau Hanau-Aschaffenburg-Nantenbach"},"content":{"rendered":"<p>Diese Gesamtma\u00dfnahme wird nach einer Neuausrichtung erst wieder ins Blickfeld geraten. Dieses ist aus dem einstmals als Gesamtprojekt Hanau-W\u00fcrzburg\/Fulda herausgetrennt. Nun wird Hanau-Aschaffenburg-Nantenbach als eigenst\u00e4ndiges Projekt betrachtet, um die beiden Gro\u00dfst\u00e4dte und Bahnknoten Frankfurt am Main und W\u00fcrzburg im Sinne des Deutschlandtakts miteinander zu verbinden. Weite Teile werden als Ausbau realisiert, was sich voraussichtlich in Fahrtrichtung W\u00fcrzburg betrachtet wie folgt gliedert:<\/p>\n<p>a) Ausbau zwischen Hanau und Aschaffenburg<br \/>\nb) Ausbau zwischen Aschaffenburg-Laufach<br \/>\nc) Neubau Spessartrampe Laufach-Heigenbr\u00fccken<br \/>\nd) Neubau\/Ausbau Heigenbr\u00fccken-Partenstein<br \/>\ne) Neubau (Tunnel) Partenstein-Nantenbach<\/p>\n<p><strong>Spessartrampe Laufach-Heigenbr\u00fccken bereits fertiggestellt<\/strong><\/p>\n<p>Die wegen ihrer treppenartig den H\u00f6henunterschied im Mittelgebirge \u00fcberwindende, als &#8222;Spessartrampe&#8220; bezeichnete Neubaustrecke zwischen Laufach und Heigenbr\u00fccken (beide Orte Landkreis Aschaffenburg gelegen) ist bereits fertiggestellt. Der vormals enge kurvenreiche Streckenabschnitt war eine der langsamsten Trassen im Fernzugnetz der Deutschen Bahn. Es machte Sinn, dieses Projekt vorzuziehen. Die alte Trasse ist inzwischen zur\u00fcckgebaut.<\/p>\n<p><strong>Sobald es mit dem Gesamtprojekt Hanau-Aschaffenburg-Nantenbach weitergeht, werden wir an der Stelle informieren.<\/strong><\/p>\n","protected":false},"excerpt":{"rendered":"<p>Diese Gesamtma\u00dfnahme wird nach einer Neuausrichtung erst wieder ins Blickfeld geraten. Dieses ist aus dem einstmals als Gesamtprojekt Hanau-W\u00fcrzburg\/Fulda herausgetrennt. Nun wird Hanau-Aschaffenburg-Nantenbach als eigenst\u00e4ndiges Projekt betrachtet, um die beiden Gro\u00dfst\u00e4dte und Bahnknoten Frankfurt am Main und W\u00fcrzburg im Sinne &hellip; <a href=\"https:\/\/pro-bahn-hessen.de\/?page_id=9213\">Weiterlesen <span class=\"meta-nav\">&rarr;<\/span><\/a><\/p>\n","protected":false},"author":1,"featured_media":0,"parent":4053,"menu_order":3,"comment_status":"closed","ping_status":"closed","template":"","meta":{"footnotes":""},"_links":{"self":[{"href":"https:\/\/pro-bahn-hessen.de\/index.php?rest_route=\/wp\/v2\/pages\/9213"}],"collection":[{"href":"https:\/\/pro-bahn-hessen.de\/index.php?rest_route=\/wp\/v2\/pages"}],"about":[{"href":"https:\/\/pro-bahn-hessen.de\/index.php?rest_route=\/wp\/v2\/types\/page"}],"author":[{"embeddable":true,"href":"https:\/\/pro-bahn-hessen.de\/index.php?rest_route=\/wp\/v2\/users\/1"}],"replies":[{"embeddable":true,"href":"https:\/\/pro-bahn-hessen.de\/index.php?rest_route=%2Fwp%2Fv2%2Fcomments&post=9213"}],"version-history":[{"count":3,"href":"https:\/\/pro-bahn-hessen.de\/index.php?rest_route=\/wp\/v2\/pages\/9213\/revisions"}],"predecessor-version":[{"id":9225,"href":"https:\/\/pro-bahn-hessen.de\/index.php?rest_route=\/wp\/v2\/pages\/9213\/revisions\/9225"}],"up":[{"embeddable":true,"href":"https:\/\/pro-bahn-hessen.de\/index.php?rest_route=\/wp\/v2\/pages\/4053"}],"wp:attachment":[{"href":"https:\/\/pro-bahn-hessen.de\/index.php?rest_route=%2Fwp%2Fv2%2Fmedia&parent=9213"}],"curies":[{"name":"wp","href":"https:\/\/api.w.org\/{rel}","templated":true}]}}