{"id":9325,"date":"2024-03-03T15:14:40","date_gmt":"2024-03-03T14:14:40","guid":{"rendered":"https:\/\/pro-bahn-hessen.de\/?page_id=9325"},"modified":"2025-05-27T11:56:13","modified_gmt":"2025-05-27T09:56:13","slug":"hessisches-pro-bahn-forum","status":"publish","type":"page","link":"https:\/\/pro-bahn-hessen.de\/?page_id=9325","title":{"rendered":"Hessisches PRO BAHN Forum"},"content":{"rendered":"<p><strong><a href=\"https:\/\/pro-bahn-hessen.de\/wp-content\/uploads\/2025\/04\/2025-05-09-Einladung-Referat-digitaler-Knoten-Stuttgart.pdf\">Download Einladung 09.05.2025 &#8211; &#8211; Referat digitaler Knoten Stuttgart<\/a><\/strong><\/p>\n<p><strong><a href=\"https:\/\/pro-bahn-hessen.de\/wp-content\/uploads\/2025\/05\/2020_04_29-praesentation-etcs_peter-reinhart.pdf\">Pr\u00e4sentation des Vortrags &#8222;digitaler Knoten Stuttgart&#8220; als Download.<\/a><\/strong><\/p>\n<p><img loading=\"lazy\" decoding=\"async\" src=\"https:\/\/pro-bahn-hessen.de\/wp-content\/uploads\/2025\/04\/2025-05-09-Einladung-Referat-digitaler-Knoten-Stuttgart.jpg\" alt=\"\" width=\"1240\" height=\"1753\" class=\"aligncenter size-full wp-image-9805\" srcset=\"https:\/\/pro-bahn-hessen.de\/wp-content\/uploads\/2025\/04\/2025-05-09-Einladung-Referat-digitaler-Knoten-Stuttgart.jpg 1240w, https:\/\/pro-bahn-hessen.de\/wp-content\/uploads\/2025\/04\/2025-05-09-Einladung-Referat-digitaler-Knoten-Stuttgart-212x300.jpg 212w, https:\/\/pro-bahn-hessen.de\/wp-content\/uploads\/2025\/04\/2025-05-09-Einladung-Referat-digitaler-Knoten-Stuttgart-724x1024.jpg 724w, https:\/\/pro-bahn-hessen.de\/wp-content\/uploads\/2025\/04\/2025-05-09-Einladung-Referat-digitaler-Knoten-Stuttgart-768x1086.jpg 768w, https:\/\/pro-bahn-hessen.de\/wp-content\/uploads\/2025\/04\/2025-05-09-Einladung-Referat-digitaler-Knoten-Stuttgart-1087x1536.jpg 1087w\" sizes=\"(max-width: 1240px) 100vw, 1240px\" \/><\/p>\n<p><strong>Wir arbeiten daran, in n\u00e4chster Zeit weitere Termine des Hessischen PRO BAHN Forums anbieten zu k\u00f6nnen.<\/strong><\/p>\n<p><strong><a href=\"https:\/\/pro-bahn-hessen.de\/wp-content\/uploads\/2025\/05\/2020_04_29-praesentation-etcs_peter-reinhart.pdf\">Pr\u00e4sentation des Vortrags &#8222;digitaler Knoten Stuttgart&#8220; als Download.<\/a><\/strong><\/p>\n<p><strong><a href=\"https:\/\/pro-bahn-hessen.de\/wp-content\/uploads\/2025\/04\/2025-05-09-Einladung-Referat-digitaler-Knoten-Stuttgart.pdf\">Download Einladung 09.05.2025 &#8211; &#8211; Referat digitaler Knoten Stuttgart<\/a><\/strong><\/p>\n<p>&#8212;&#8212;&#8212;&#8212;&#8212;&#8212;<\/p>\n<p>&#8212;&#8212;&#8212;&#8212;&#8212;&#8212;<\/p>\n<p>&#8212;&#8212;&#8212;&#8212;&#8212;&#8212;<\/p>\n","protected":false},"excerpt":{"rendered":"<p>Download Einladung 09.05.2025 &#8211; &#8211; Referat digitaler Knoten Stuttgart Pr\u00e4sentation des Vortrags &#8222;digitaler Knoten Stuttgart&#8220; als Download. Wir arbeiten daran, in n\u00e4chster Zeit weitere Termine des Hessischen PRO BAHN Forums anbieten zu k\u00f6nnen. Pr\u00e4sentation des Vortrags &#8222;digitaler Knoten Stuttgart&#8220; als &hellip; <a href=\"https:\/\/pro-bahn-hessen.de\/?page_id=9325\">Weiterlesen <span class=\"meta-nav\">&rarr;<\/span><\/a><\/p>\n","protected":false},"author":4,"featured_media":0,"parent":36,"menu_order":1,"comment_status":"closed","ping_status":"closed","template":"","meta":{"footnotes":""},"_links":{"self":[{"href":"https:\/\/pro-bahn-hessen.de\/index.php?rest_route=\/wp\/v2\/pages\/9325"}],"collection":[{"href":"https:\/\/pro-bahn-hessen.de\/index.php?rest_route=\/wp\/v2\/pages"}],"about":[{"href":"https:\/\/pro-bahn-hessen.de\/index.php?rest_route=\/wp\/v2\/types\/page"}],"author":[{"embeddable":true,"href":"https:\/\/pro-bahn-hessen.de\/index.php?rest_route=\/wp\/v2\/users\/4"}],"replies":[{"embeddable":true,"href":"https:\/\/pro-bahn-hessen.de\/index.php?rest_route=%2Fwp%2Fv2%2Fcomments&post=9325"}],"version-history":[{"count":18,"href":"https:\/\/pro-bahn-hessen.de\/index.php?rest_route=\/wp\/v2\/pages\/9325\/revisions"}],"predecessor-version":[{"id":9827,"href":"https:\/\/pro-bahn-hessen.de\/index.php?rest_route=\/wp\/v2\/pages\/9325\/revisions\/9827"}],"up":[{"embeddable":true,"href":"https:\/\/pro-bahn-hessen.de\/index.php?rest_route=\/wp\/v2\/pages\/36"}],"wp:attachment":[{"href":"https:\/\/pro-bahn-hessen.de\/index.php?rest_route=%2Fwp%2Fv2%2Fmedia&parent=9325"}],"curies":[{"name":"wp","href":"https:\/\/api.w.org\/{rel}","templated":true}]}}